{"id":40,"date":"2025-02-22T05:25:36","date_gmt":"2025-02-22T04:25:36","guid":{"rendered":"https:\/\/esmeraldamoreno.online-valles-webs.com\/?page_id=40"},"modified":"2025-03-05T02:52:29","modified_gmt":"2025-03-05T01:52:29","slug":"que-es-casa4","status":"publish","type":"page","link":"https:\/\/esmeraldamoreno.online-valles-webs.com\/ca\/que-es-casa4\/","title":{"rendered":"Qu\u00e8 \u00e9s casa4"},"content":{"rendered":"<div data-elementor-type=\"wp-page\" data-elementor-id=\"40\" class=\"elementor elementor-40\" data-elementor-post-type=\"page\">\n\t\t\t\t<div class=\"elementor-element elementor-element-40709e6 e-flex e-con-boxed e-con e-parent\" data-id=\"40709e6\" data-element_type=\"container\" data-settings=\"{&quot;background_background&quot;:&quot;classic&quot;}\">\n\t\t\t\t\t<div class=\"e-con-inner\">\n\t\t<div class=\"elementor-element elementor-element-5299229 e-con-full e-flex e-con e-child\" data-id=\"5299229\" data-element_type=\"container\">\n\t\t\t\t<div class=\"elementor-element elementor-element-8c25393 elementor-invisible elementor-widget elementor-widget-heading\" data-id=\"8c25393\" data-element_type=\"widget\" data-settings=\"{&quot;_animation&quot;:&quot;fadeInUp&quot;}\" data-widget_type=\"heading.default\">\n\t\t\t\t\t<h2 class=\"elementor-heading-title elementor-size-default\">Qu\u00e8 \u00e9s Casa4? Creiem la teva transformaci\u00f3 personal\n<\/h2>\t\t\t\t<\/div>\n\t\t\t\t<div class=\"elementor-element elementor-element-c30d163 elementor-invisible elementor-widget elementor-widget-text-editor\" data-id=\"c30d163\" data-element_type=\"widget\" data-settings=\"{&quot;_animation&quot;:&quot;fadeInUp&quot;,&quot;_animation_delay&quot;:360}\" data-widget_type=\"text-editor.default\">\n\t\t\t\t\t\t\t\t\t<p><span style=\"font-weight: 400;\">Casa4 \u00e9s un espai \u00fanic dedicat a oferir recessos creatius i espirituals, dissenyats per proporcionar un entorn ser\u00e8 que fomenti l'autodescobriment i el creixement integral. Ubicada en un entorn natural, la nostra missi\u00f3 \u00e9s acompanyar-te en el teu proc\u00e9s de transformaci\u00f3, brindant-te experi\u00e8ncies que nodreixin cos, ment i \u00e0nima.<\/span><\/p>\t\t\t\t\t\t\t\t<\/div>\n\t\t\t\t<\/div>\n\t\t<div class=\"elementor-element elementor-element-1c776ca e-con-full elementor-hidden-mobile e-flex e-con e-child\" data-id=\"1c776ca\" data-element_type=\"container\">\n\t\t\t\t<\/div>\n\t\t\t\t\t<\/div>\n\t\t\t\t<\/div>\n\t\t<div class=\"elementor-element elementor-element-782debf e-flex e-con-boxed e-con e-parent\" data-id=\"782debf\" data-element_type=\"container\">\n\t\t\t\t\t<div class=\"e-con-inner\">\n\t\t<div class=\"elementor-element elementor-element-04d4a9c e-con-full e-flex e-con e-child\" data-id=\"04d4a9c\" data-element_type=\"container\">\n\t\t\t\t<div class=\"elementor-element elementor-element-7b98940 elementor-widget__width-initial elementor-absolute elementor-hidden-mobile ekit-equal-height-disable elementor-widget elementor-widget-elementskit-icon-box\" data-id=\"7b98940\" data-element_type=\"widget\" data-settings=\"{&quot;_position&quot;:&quot;absolute&quot;}\" data-widget_type=\"elementskit-icon-box.default\">\n\t\t\t\t\t<div class=\"ekit-wid-con\" >        <!-- link opening -->\n                <a href=\"#\" class=\"ekit_global_links\">\n                <!-- end link opening -->\n\n        <div class=\"elementskit-infobox text-center text- icon-top-align elementor-animation-\">\n                    <div class=\"elementskit-box-header elementor-animation-\">\n                <div class=\"elementskit-info-box-icon\">\n                    <i aria-hidden=\"true\" class=\"elementkit-infobox-icon ion ion-ios-leaf\"><\/i>\n                <\/div>\n          <\/div>\n                        <div class=\"box-body\">\n                            <h3 class=\"elementskit-info-box-title\">\n                    Creatividad, Bienestar y Autoconocimiento                <\/h3>\n                                            <\/div>\n        \n        \n                <\/div>\n                <\/a>\n        <\/div>\t\t\t\t<\/div>\n\t\t<div class=\"elementor-element elementor-element-8d3631e e-con-full e-flex e-con e-child\" data-id=\"8d3631e\" data-element_type=\"container\">\n\t\t<div class=\"elementor-element elementor-element-8c0ba4f e-con-full e-flex elementor-invisible e-con e-child\" data-id=\"8c0ba4f\" data-element_type=\"container\" data-settings=\"{&quot;animation&quot;:&quot;fadeInUp&quot;}\">\n\t\t\t\t<div class=\"elementor-element elementor-element-0f47b51 elementor-widget elementor-widget-image\" data-id=\"0f47b51\" data-element_type=\"widget\" data-widget_type=\"image.default\">\n\t\t\t\t\t\t\t\t\t\t\t\t\t\t\t<img fetchpriority=\"high\" decoding=\"async\" width=\"600\" height=\"600\" src=\"https:\/\/esmeraldamoreno.online-valles-webs.com\/wp-content\/uploads\/2025\/03\/6.webp\" class=\"attachment-full size-full wp-image-1185\" alt=\"\" srcset=\"https:\/\/esmeraldamoreno.online-valles-webs.com\/wp-content\/uploads\/2025\/03\/6.webp 600w, https:\/\/esmeraldamoreno.online-valles-webs.com\/wp-content\/uploads\/2025\/03\/6-300x300.webp 300w, https:\/\/esmeraldamoreno.online-valles-webs.com\/wp-content\/uploads\/2025\/03\/6-150x150.webp 150w\" sizes=\"(max-width: 600px) 100vw, 600px\" \/>\t\t\t\t\t\t\t\t\t\t\t\t\t\t\t<\/div>\n\t\t\t\t<\/div>\n\t\t<div class=\"elementor-element elementor-element-8482578 e-con-full e-flex elementor-invisible e-con e-child\" data-id=\"8482578\" data-element_type=\"container\" data-settings=\"{&quot;animation&quot;:&quot;fadeInUp&quot;}\">\n\t\t\t\t<div class=\"elementor-element elementor-element-aa95704 elementor-widget elementor-widget-image\" data-id=\"aa95704\" data-element_type=\"widget\" data-widget_type=\"image.default\">\n\t\t\t\t\t\t\t\t\t\t\t\t\t\t\t<img decoding=\"async\" width=\"600\" height=\"600\" src=\"https:\/\/esmeraldamoreno.online-valles-webs.com\/wp-content\/uploads\/2025\/03\/9.webp\" class=\"attachment-full size-full wp-image-1186\" alt=\"\" srcset=\"https:\/\/esmeraldamoreno.online-valles-webs.com\/wp-content\/uploads\/2025\/03\/9.webp 600w, https:\/\/esmeraldamoreno.online-valles-webs.com\/wp-content\/uploads\/2025\/03\/9-300x300.webp 300w, https:\/\/esmeraldamoreno.online-valles-webs.com\/wp-content\/uploads\/2025\/03\/9-150x150.webp 150w\" sizes=\"(max-width: 600px) 100vw, 600px\" \/>\t\t\t\t\t\t\t\t\t\t\t\t\t\t\t<\/div>\n\t\t\t\t<\/div>\n\t\t\t\t<\/div>\n\t\t\t\t<\/div>\n\t\t<div class=\"elementor-element elementor-element-1efd146 e-con-full e-flex e-con e-child\" data-id=\"1efd146\" data-element_type=\"container\">\n\t\t\t\t<div class=\"elementor-element elementor-element-289c6b3 elementor-invisible elementor-widget elementor-widget-heading\" data-id=\"289c6b3\" data-element_type=\"widget\" data-settings=\"{&quot;_animation&quot;:&quot;fadeInDown&quot;}\" data-widget_type=\"heading.default\">\n\t\t\t\t\t<h2 class=\"elementor-heading-title elementor-size-default\">Nuestra filosof\u00eda<\/h2>\t\t\t\t<\/div>\n\t\t\t\t<div class=\"elementor-element elementor-element-32f2800 elementor-invisible elementor-widget elementor-widget-heading\" data-id=\"32f2800\" data-element_type=\"widget\" data-settings=\"{&quot;_animation&quot;:&quot;fadeInUp&quot;}\" data-widget_type=\"heading.default\">\n\t\t\t\t\t<h2 class=\"elementor-heading-title elementor-size-default\">Espacios para la creatividad, bienestar y autoconocimiento\n<\/h2>\t\t\t\t<\/div>\n\t\t\t\t<div class=\"elementor-element elementor-element-de3d858 elementor-widget elementor-widget-text-editor\" data-id=\"de3d858\" data-element_type=\"widget\" data-widget_type=\"text-editor.default\">\n\t\t\t\t\t\t\t\t\t<p><span style=\"font-weight: 400;\">Creiem que cada moment \u00e9s una oportunitat per reconnectar amb tu mateix. A trav\u00e9s dels nostres recessos acuradament dissenyats, oferim activitats que impulsen la creativitat, la meditaci\u00f3 i el benestar hol\u00edstic. Tot est\u00e0 pensat perqu\u00e8 visquis un proc\u00e9s profund de sanaci\u00f3, trobant pau interior i una connexi\u00f3 m\u00e9s aut\u00e8ntica amb el teu \u00e9sser.<\/span><\/p>\t\t\t\t\t\t\t\t<\/div>\n\t\t\t\t<\/div>\n\t\t\t\t\t<\/div>\n\t\t\t\t<\/div>\n\t\t\t\t<\/div>","protected":false},"excerpt":{"rendered":"<p>\u00bfQu\u00e9 es Casa4? Creemos tu transformaci\u00f3n personal Casa4 es un espacio \u00fanico dedicado a ofrecer retiros creativos y espirituales, dise\u00f1ados para proporcionar un entorno sereno que fomente el autodescubrimiento y el crecimiento integral. Ubicada en un entorno natural, nuestra misi\u00f3n es acompa\u00f1arte en tu proceso de transformaci\u00f3n, brind\u00e1ndote experiencias que nutran cuerpo, mente y alma. [&hellip;]<\/p>","protected":false},"author":2,"featured_media":0,"parent":0,"menu_order":0,"comment_status":"closed","ping_status":"closed","template":"","meta":{"footnotes":""},"class_list":["post-40","page","type-page","status-publish","hentry"],"yoast_head":"<!-- This site is optimized with the Yoast SEO plugin v25.0 - https:\/\/yoast.com\/wordpress\/plugins\/seo\/ -->\n<title>Qu\u00e9 es casa4 - Casa4<\/title>\n<meta name=\"robots\" content=\"noindex, follow, max-snippet:-1, max-image-preview:large, max-video-preview:-1\" \/>\n<meta property=\"og:locale\" content=\"ca_ES\" \/>\n<meta property=\"og:type\" content=\"article\" \/>\n<meta property=\"og:title\" content=\"Qu\u00e9 es casa4 - Casa4\" \/>\n<meta property=\"og:description\" content=\"\u00bfQu\u00e9 es Casa4? Creemos tu transformaci\u00f3n personal Casa4 es un espacio \u00fanico dedicado a ofrecer retiros creativos y espirituales, dise\u00f1ados para proporcionar un entorno sereno que fomente el autodescubrimiento y el crecimiento integral. Ubicada en un entorno natural, nuestra misi\u00f3n es acompa\u00f1arte en tu proceso de transformaci\u00f3n, brind\u00e1ndote experiencias que nutran cuerpo, mente y alma. [&hellip;]\" \/>\n<meta property=\"og:url\" content=\"https:\/\/esmeraldamoreno.online-valles-webs.com\/ca\/que-es-casa4\/\" \/>\n<meta property=\"og:site_name\" content=\"Casa4\" \/>\n<meta property=\"article:modified_time\" content=\"2025-03-05T01:52:29+00:00\" \/>\n<meta property=\"og:image\" content=\"https:\/\/esmeraldamoreno.online-valles-webs.com\/wp-content\/uploads\/2025\/03\/6.webp\" \/>\n\t<meta property=\"og:image:width\" content=\"600\" \/>\n\t<meta property=\"og:image:height\" content=\"600\" \/>\n\t<meta property=\"og:image:type\" content=\"image\/webp\" \/>\n<meta name=\"twitter:card\" content=\"summary_large_image\" \/>\n<meta name=\"twitter:label1\" content=\"Temps estimat de lectura\" \/>\n\t<meta name=\"twitter:data1\" content=\"1 minut\" \/>\n<script type=\"application\/ld+json\" class=\"yoast-schema-graph\">{\"@context\":\"https:\/\/schema.org\",\"@graph\":[{\"@type\":\"WebPage\",\"@id\":\"https:\/\/esmeraldamoreno.online-valles-webs.com\/que-es-casa4\/\",\"url\":\"https:\/\/esmeraldamoreno.online-valles-webs.com\/que-es-casa4\/\",\"name\":\"Qu\u00e9 es casa4 - Casa4\",\"isPartOf\":{\"@id\":\"https:\/\/esmeraldamoreno.online-valles-webs.com\/#website\"},\"primaryImageOfPage\":{\"@id\":\"https:\/\/esmeraldamoreno.online-valles-webs.com\/que-es-casa4\/#primaryimage\"},\"image\":{\"@id\":\"https:\/\/esmeraldamoreno.online-valles-webs.com\/que-es-casa4\/#primaryimage\"},\"thumbnailUrl\":\"https:\/\/esmeraldamoreno.online-valles-webs.com\/wp-content\/uploads\/2025\/03\/6.webp\",\"datePublished\":\"2025-02-22T04:25:36+00:00\",\"dateModified\":\"2025-03-05T01:52:29+00:00\",\"breadcrumb\":{\"@id\":\"https:\/\/esmeraldamoreno.online-valles-webs.com\/que-es-casa4\/#breadcrumb\"},\"inLanguage\":\"ca\",\"potentialAction\":[{\"@type\":\"ReadAction\",\"target\":[\"https:\/\/esmeraldamoreno.online-valles-webs.com\/que-es-casa4\/\"]}]},{\"@type\":\"ImageObject\",\"inLanguage\":\"ca\",\"@id\":\"https:\/\/esmeraldamoreno.online-valles-webs.com\/que-es-casa4\/#primaryimage\",\"url\":\"https:\/\/esmeraldamoreno.online-valles-webs.com\/wp-content\/uploads\/2025\/03\/6.webp\",\"contentUrl\":\"https:\/\/esmeraldamoreno.online-valles-webs.com\/wp-content\/uploads\/2025\/03\/6.webp\"},{\"@type\":\"BreadcrumbList\",\"@id\":\"https:\/\/esmeraldamoreno.online-valles-webs.com\/que-es-casa4\/#breadcrumb\",\"itemListElement\":[{\"@type\":\"ListItem\",\"position\":1,\"name\":\"Portada\",\"item\":\"https:\/\/esmeraldamoreno.online-valles-webs.com\/\"},{\"@type\":\"ListItem\",\"position\":2,\"name\":\"Qu\u00e9 es casa4\"}]},{\"@type\":\"WebSite\",\"@id\":\"https:\/\/esmeraldamoreno.online-valles-webs.com\/#website\",\"url\":\"https:\/\/esmeraldamoreno.online-valles-webs.com\/\",\"name\":\"Casa4\",\"description\":\"Retiros creativos y experiencias transformadoras en la naturaleza\",\"publisher\":{\"@id\":\"https:\/\/esmeraldamoreno.online-valles-webs.com\/#organization\"},\"potentialAction\":[{\"@type\":\"SearchAction\",\"target\":{\"@type\":\"EntryPoint\",\"urlTemplate\":\"https:\/\/esmeraldamoreno.online-valles-webs.com\/?s={search_term_string}\"},\"query-input\":{\"@type\":\"PropertyValueSpecification\",\"valueRequired\":true,\"valueName\":\"search_term_string\"}}],\"inLanguage\":\"ca\"},{\"@type\":\"Organization\",\"@id\":\"https:\/\/esmeraldamoreno.online-valles-webs.com\/#organization\",\"name\":\"Casa4\",\"url\":\"https:\/\/esmeraldamoreno.online-valles-webs.com\/\",\"logo\":{\"@type\":\"ImageObject\",\"inLanguage\":\"ca\",\"@id\":\"https:\/\/esmeraldamoreno.online-valles-webs.com\/#\/schema\/logo\/image\/\",\"url\":\"https:\/\/esmeraldamoreno.online-valles-webs.com\/wp-content\/uploads\/2025\/02\/casa4-colores.png\",\"contentUrl\":\"https:\/\/esmeraldamoreno.online-valles-webs.com\/wp-content\/uploads\/2025\/02\/casa4-colores.png\",\"width\":500,\"height\":400,\"caption\":\"Casa4\"},\"image\":{\"@id\":\"https:\/\/esmeraldamoreno.online-valles-webs.com\/#\/schema\/logo\/image\/\"}}]}<\/script>\n<!-- \/ Yoast SEO plugin. -->","yoast_head_json":{"title":"Qu\u00e9 es casa4 - Casa4","robots":{"index":"noindex","follow":"follow","max-snippet":"max-snippet:-1","max-image-preview":"max-image-preview:large","max-video-preview":"max-video-preview:-1"},"og_locale":"ca_ES","og_type":"article","og_title":"Qu\u00e9 es casa4 - Casa4","og_description":"\u00bfQu\u00e9 es Casa4? Creemos tu transformaci\u00f3n personal Casa4 es un espacio \u00fanico dedicado a ofrecer retiros creativos y espirituales, dise\u00f1ados para proporcionar un entorno sereno que fomente el autodescubrimiento y el crecimiento integral. Ubicada en un entorno natural, nuestra misi\u00f3n es acompa\u00f1arte en tu proceso de transformaci\u00f3n, brind\u00e1ndote experiencias que nutran cuerpo, mente y alma. [&hellip;]","og_url":"https:\/\/esmeraldamoreno.online-valles-webs.com\/ca\/que-es-casa4\/","og_site_name":"Casa4","article_modified_time":"2025-03-05T01:52:29+00:00","og_image":[{"width":600,"height":600,"url":"https:\/\/esmeraldamoreno.online-valles-webs.com\/wp-content\/uploads\/2025\/03\/6.webp","type":"image\/webp"}],"twitter_card":"summary_large_image","twitter_misc":{"Temps estimat de lectura":"1 minut"},"schema":{"@context":"https:\/\/schema.org","@graph":[{"@type":"WebPage","@id":"https:\/\/esmeraldamoreno.online-valles-webs.com\/que-es-casa4\/","url":"https:\/\/esmeraldamoreno.online-valles-webs.com\/que-es-casa4\/","name":"Qu\u00e9 es casa4 - Casa4","isPartOf":{"@id":"https:\/\/esmeraldamoreno.online-valles-webs.com\/#website"},"primaryImageOfPage":{"@id":"https:\/\/esmeraldamoreno.online-valles-webs.com\/que-es-casa4\/#primaryimage"},"image":{"@id":"https:\/\/esmeraldamoreno.online-valles-webs.com\/que-es-casa4\/#primaryimage"},"thumbnailUrl":"https:\/\/esmeraldamoreno.online-valles-webs.com\/wp-content\/uploads\/2025\/03\/6.webp","datePublished":"2025-02-22T04:25:36+00:00","dateModified":"2025-03-05T01:52:29+00:00","breadcrumb":{"@id":"https:\/\/esmeraldamoreno.online-valles-webs.com\/que-es-casa4\/#breadcrumb"},"inLanguage":"ca","potentialAction":[{"@type":"ReadAction","target":["https:\/\/esmeraldamoreno.online-valles-webs.com\/que-es-casa4\/"]}]},{"@type":"ImageObject","inLanguage":"ca","@id":"https:\/\/esmeraldamoreno.online-valles-webs.com\/que-es-casa4\/#primaryimage","url":"https:\/\/esmeraldamoreno.online-valles-webs.com\/wp-content\/uploads\/2025\/03\/6.webp","contentUrl":"https:\/\/esmeraldamoreno.online-valles-webs.com\/wp-content\/uploads\/2025\/03\/6.webp"},{"@type":"BreadcrumbList","@id":"https:\/\/esmeraldamoreno.online-valles-webs.com\/que-es-casa4\/#breadcrumb","itemListElement":[{"@type":"ListItem","position":1,"name":"Portada","item":"https:\/\/esmeraldamoreno.online-valles-webs.com\/"},{"@type":"ListItem","position":2,"name":"Qu\u00e9 es casa4"}]},{"@type":"WebSite","@id":"https:\/\/esmeraldamoreno.online-valles-webs.com\/#website","url":"https:\/\/esmeraldamoreno.online-valles-webs.com\/","name":"Casa4","description":"Retiros creativos y experiencias transformadoras en la naturaleza","publisher":{"@id":"https:\/\/esmeraldamoreno.online-valles-webs.com\/#organization"},"potentialAction":[{"@type":"SearchAction","target":{"@type":"EntryPoint","urlTemplate":"https:\/\/esmeraldamoreno.online-valles-webs.com\/?s={search_term_string}"},"query-input":{"@type":"PropertyValueSpecification","valueRequired":true,"valueName":"search_term_string"}}],"inLanguage":"ca"},{"@type":"Organization","@id":"https:\/\/esmeraldamoreno.online-valles-webs.com\/#organization","name":"Casa4","url":"https:\/\/esmeraldamoreno.online-valles-webs.com\/","logo":{"@type":"ImageObject","inLanguage":"ca","@id":"https:\/\/esmeraldamoreno.online-valles-webs.com\/#\/schema\/logo\/image\/","url":"https:\/\/esmeraldamoreno.online-valles-webs.com\/wp-content\/uploads\/2025\/02\/casa4-colores.png","contentUrl":"https:\/\/esmeraldamoreno.online-valles-webs.com\/wp-content\/uploads\/2025\/02\/casa4-colores.png","width":500,"height":400,"caption":"Casa4"},"image":{"@id":"https:\/\/esmeraldamoreno.online-valles-webs.com\/#\/schema\/logo\/image\/"}}]}},"_links":{"self":[{"href":"https:\/\/esmeraldamoreno.online-valles-webs.com\/ca\/wp-json\/wp\/v2\/pages\/40","targetHints":{"allow":["GET"]}}],"collection":[{"href":"https:\/\/esmeraldamoreno.online-valles-webs.com\/ca\/wp-json\/wp\/v2\/pages"}],"about":[{"href":"https:\/\/esmeraldamoreno.online-valles-webs.com\/ca\/wp-json\/wp\/v2\/types\/page"}],"author":[{"embeddable":true,"href":"https:\/\/esmeraldamoreno.online-valles-webs.com\/ca\/wp-json\/wp\/v2\/users\/2"}],"replies":[{"embeddable":true,"href":"https:\/\/esmeraldamoreno.online-valles-webs.com\/ca\/wp-json\/wp\/v2\/comments?post=40"}],"version-history":[{"count":37,"href":"https:\/\/esmeraldamoreno.online-valles-webs.com\/ca\/wp-json\/wp\/v2\/pages\/40\/revisions"}],"predecessor-version":[{"id":1192,"href":"https:\/\/esmeraldamoreno.online-valles-webs.com\/ca\/wp-json\/wp\/v2\/pages\/40\/revisions\/1192"}],"wp:attachment":[{"href":"https:\/\/esmeraldamoreno.online-valles-webs.com\/ca\/wp-json\/wp\/v2\/media?parent=40"}],"curies":[{"name":"wp","href":"https:\/\/api.w.org\/{rel}","templated":true}]}}