{"id":50,"date":"2025-02-22T05:27:53","date_gmt":"2025-02-22T04:27:53","guid":{"rendered":"https:\/\/esmeraldamoreno.online-valles-webs.com\/?page_id=50"},"modified":"2025-03-05T03:12:51","modified_gmt":"2025-03-05T02:12:51","slug":"danzaterapia","status":"publish","type":"page","link":"https:\/\/esmeraldamoreno.online-valles-webs.com\/ca\/danzaterapia\/","title":{"rendered":"Dansater\u00e0pia"},"content":{"rendered":"<div data-elementor-type=\"wp-page\" data-elementor-id=\"50\" class=\"elementor elementor-50\" data-elementor-post-type=\"page\">\n\t\t\t\t<div class=\"elementor-element elementor-element-f2ced98 e-flex e-con-boxed e-con e-parent\" data-id=\"f2ced98\" data-element_type=\"container\" data-settings=\"{&quot;background_background&quot;:&quot;classic&quot;}\">\n\t\t\t\t\t<div class=\"e-con-inner\">\n\t\t<div class=\"elementor-element elementor-element-ebaf2cf e-con-full e-flex e-con e-child\" data-id=\"ebaf2cf\" data-element_type=\"container\">\n\t\t\t\t<div class=\"elementor-element elementor-element-4158e0b elementor-invisible elementor-widget elementor-widget-heading\" data-id=\"4158e0b\" data-element_type=\"widget\" data-settings=\"{&quot;_animation&quot;:&quot;fadeInUp&quot;}\" data-widget_type=\"heading.default\">\n\t\t\t\t\t<h2 class=\"elementor-heading-title elementor-size-default\">Danzaterapia: conecta con la naturaleza y lib\u00e9rate del estr\u00e9s\n<\/h2>\t\t\t\t<\/div>\n\t\t\t\t<div class=\"elementor-element elementor-element-cf64cac elementor-invisible elementor-widget elementor-widget-text-editor\" data-id=\"cf64cac\" data-element_type=\"widget\" data-settings=\"{&quot;_animation&quot;:&quot;fadeInUp&quot;,&quot;_animation_delay&quot;:360}\" data-widget_type=\"text-editor.default\">\n\t\t\t\t\t\t\t\t\t<p><span style=\"font-weight: 400;\">Descubre el poder sanador del movimiento con nuestro programa de <\/span><b>Dansater\u00e0pia<\/b><span style=\"font-weight: 400;\"> en Casa4. Sum\u00e9rgete en una experiencia transformadora donde la danza se convierte en una herramienta de autoconocimiento, bienestar y conexi\u00f3n con la naturaleza.<\/span><\/p>\t\t\t\t\t\t\t\t<\/div>\n\t\t\t\t<\/div>\n\t\t<div class=\"elementor-element elementor-element-0b0c6b0 e-con-full elementor-hidden-mobile e-flex e-con e-child\" data-id=\"0b0c6b0\" data-element_type=\"container\">\n\t\t\t\t<\/div>\n\t\t\t\t\t<\/div>\n\t\t\t\t<\/div>\n\t\t<div class=\"elementor-element elementor-element-b9bbb52 e-flex e-con-boxed e-con e-parent\" data-id=\"b9bbb52\" data-element_type=\"container\" data-settings=\"{&quot;background_background&quot;:&quot;classic&quot;}\">\n\t\t\t\t\t<div class=\"e-con-inner\">\n\t\t<div class=\"elementor-element elementor-element-27e9372 e-con-full e-flex e-con e-child\" data-id=\"27e9372\" data-element_type=\"container\">\n\t\t\t\t<div class=\"elementor-element elementor-element-bde4c84 elementor-invisible elementor-widget elementor-widget-heading\" data-id=\"bde4c84\" data-element_type=\"widget\" data-settings=\"{&quot;_animation&quot;:&quot;fadeInUp&quot;}\" data-widget_type=\"heading.default\">\n\t\t\t\t\t<h2 class=\"elementor-heading-title elementor-size-default\">El moviment com a expressi\u00f3 i sanaci\u00f3\n<\/h2>\t\t\t\t<\/div>\n\t\t\t\t<div class=\"elementor-element elementor-element-3baa534 elementor-widget elementor-widget-text-editor\" data-id=\"3baa534\" data-element_type=\"widget\" data-widget_type=\"text-editor.default\">\n\t\t\t\t\t\t\t\t\t<p><span style=\"font-weight: 400;\">La <\/span><b>Dansater\u00e0pia<\/b><span style=\"font-weight: 400;\"> \u00e9s una pr\u00e0ctica que combina l'art del moviment amb l'exploraci\u00f3 emocional i mental. A trav\u00e9s de sessions guiades, us convidem a alliberar tensions, reconnectar amb el vostre cos i expressar lliurement les vostres emocions en un entorn segur i natural.<\/span><\/p>\t\t\t\t\t\t\t\t<\/div>\n\t\t\t\t<\/div>\n\t\t<div class=\"elementor-element elementor-element-181c145 e-con-full e-flex e-con e-child\" data-id=\"181c145\" data-element_type=\"container\" data-settings=\"{&quot;background_background&quot;:&quot;classic&quot;}\">\n\t\t\t\t<\/div>\n\t\t\t\t\t<\/div>\n\t\t\t\t<\/div>\n\t\t<div class=\"elementor-element elementor-element-5ac1568 e-flex e-con-boxed e-con e-parent\" data-id=\"5ac1568\" data-element_type=\"container\">\n\t\t\t\t\t<div class=\"e-con-inner\">\n\t\t\t\t<div class=\"elementor-element elementor-element-b0f738c elementor-widget__width-initial elementor-invisible elementor-widget elementor-widget-heading\" data-id=\"b0f738c\" data-element_type=\"widget\" data-settings=\"{&quot;_animation&quot;:&quot;fadeInUp&quot;}\" data-widget_type=\"heading.default\">\n\t\t\t\t\t<h2 class=\"elementor-heading-title elementor-size-default\">Una experi\u00e8ncia terap\u00e8utica ideal per a grups i empreses<\/h2>\t\t\t\t<\/div>\n\t\t\t\t<div class=\"elementor-element elementor-element-08b1c9c elementor-widget__width-initial elementor-widget elementor-widget-text-editor\" data-id=\"08b1c9c\" data-element_type=\"widget\" data-widget_type=\"text-editor.default\">\n\t\t\t\t\t\t\t\t\t<p><span style=\"font-weight: 400;\">El nostre programa est\u00e0 dissenyat tant per a individus com per a equips i grups que busquen enfortir la comunicaci\u00f3, reduir l'estr\u00e8s i fomentar la creativitat. Oferim experi\u00e8ncies personalitzades per a:<\/span><\/p>\t\t\t\t\t\t\t\t<\/div>\n\t\t<div class=\"elementor-element elementor-element-aa92742 e-grid e-con-full e-con e-child\" data-id=\"aa92742\" data-element_type=\"container\">\n\t\t\t\t<div class=\"elementor-element elementor-element-c0e1779 elementor-cta--skin-cover elementor-cta--valign-bottom elementor-bg-transform elementor-bg-transform-zoom-in elementor-widget elementor-widget-call-to-action\" data-id=\"c0e1779\" data-element_type=\"widget\" data-widget_type=\"call-to-action.default\">\n\t\t\t\t\t\t\t<div class=\"elementor-cta\">\n\t\t\t\t\t<div class=\"elementor-cta__bg-wrapper\">\n\t\t\t\t<div class=\"elementor-cta__bg elementor-bg\" style=\"background-image: url(https:\/\/esmeraldamoreno.online-valles-webs.com\/wp-content\/uploads\/2025\/03\/17.webp);\" role=\"img\" aria-label=\"17\"><\/div>\n\t\t\t\t<div class=\"elementor-cta__bg-overlay\"><\/div>\n\t\t\t<\/div>\n\t\t\t\t\t\t\t<div class=\"elementor-cta__content\">\n\t\t\t\t\n\t\t\t\t\t\t\t\t\t<h2 class=\"elementor-cta__title elementor-cta__content-item elementor-content-item\">\n\t\t\t\t\t\tEmpresas y equipos de trabajo\t\t\t\t\t<\/h2>\n\t\t\t\t\n\t\t\t\t\t\t\t\t\t<div class=\"elementor-cta__description elementor-cta__content-item elementor-content-item\">\n\t\t\t\t\t\tMillora la cohesi\u00f3 grupal i lexpressi\u00f3 emocional.\n\t\t\t\t\t<\/div>\n\t\t\t\t\n\t\t\t\t\t\t\t<\/div>\n\t\t\t\t\t\t<\/div>\n\t\t\t\t\t\t<\/div>\n\t\t\t\t<div class=\"elementor-element elementor-element-cff95ae elementor-cta--skin-cover elementor-cta--valign-bottom elementor-bg-transform elementor-bg-transform-zoom-in elementor-widget elementor-widget-call-to-action\" data-id=\"cff95ae\" data-element_type=\"widget\" data-widget_type=\"call-to-action.default\">\n\t\t\t\t\t\t\t<div class=\"elementor-cta\">\n\t\t\t\t\t<div class=\"elementor-cta__bg-wrapper\">\n\t\t\t\t<div class=\"elementor-cta__bg elementor-bg\" style=\"background-image: url(https:\/\/esmeraldamoreno.online-valles-webs.com\/wp-content\/uploads\/2025\/03\/12.webp);\" role=\"img\" aria-label=\"12\"><\/div>\n\t\t\t\t<div class=\"elementor-cta__bg-overlay\"><\/div>\n\t\t\t<\/div>\n\t\t\t\t\t\t\t<div class=\"elementor-cta__content\">\n\t\t\t\t\n\t\t\t\t\t\t\t\t\t<h2 class=\"elementor-cta__title elementor-cta__content-item elementor-content-item\">\n\t\t\t\t\t\tDespedidas de soltero\/a y celebraciones\t\t\t\t\t<\/h2>\n\t\t\t\t\n\t\t\t\t\t\t\t\t\t<div class=\"elementor-cta__description elementor-cta__content-item elementor-content-item\">\n\t\t\t\t\t\tUna manera \u00fanica i significativa de compartir un moment especial.\n\t\t\t\t\t<\/div>\n\t\t\t\t\n\t\t\t\t\t\t\t<\/div>\n\t\t\t\t\t\t<\/div>\n\t\t\t\t\t\t<\/div>\n\t\t\t\t<div class=\"elementor-element elementor-element-d656670 elementor-cta--skin-cover elementor-cta--valign-bottom elementor-bg-transform elementor-bg-transform-zoom-in elementor-widget elementor-widget-call-to-action\" data-id=\"d656670\" data-element_type=\"widget\" data-widget_type=\"call-to-action.default\">\n\t\t\t\t\t\t\t<div class=\"elementor-cta\">\n\t\t\t\t\t<div class=\"elementor-cta__bg-wrapper\">\n\t\t\t\t<div class=\"elementor-cta__bg elementor-bg\" style=\"background-image: url(https:\/\/esmeraldamoreno.online-valles-webs.com\/wp-content\/uploads\/2025\/03\/26.webp);\" role=\"img\" aria-label=\"26\"><\/div>\n\t\t\t\t<div class=\"elementor-cta__bg-overlay\"><\/div>\n\t\t\t<\/div>\n\t\t\t\t\t\t\t<div class=\"elementor-cta__content\">\n\t\t\t\t\n\t\t\t\t\t\t\t\t\t<h2 class=\"elementor-cta__title elementor-cta__content-item elementor-content-item\">\n\t\t\t\t\t\tPersonas en b\u00fasqueda de bienestar\t\t\t\t\t<\/h2>\n\t\t\t\t\n\t\t\t\t\t\t\t\t\t<div class=\"elementor-cta__description elementor-cta__content-item elementor-content-item\">\n\t\t\t\t\t\tReconnecta't amb tu mateix a trav\u00e9s del moviment lliure.\n\t\t\t\t\t<\/div>\n\t\t\t\t\n\t\t\t\t\t\t\t<\/div>\n\t\t\t\t\t\t<\/div>\n\t\t\t\t\t\t<\/div>\n\t\t\t\t<\/div>\n\t\t\t\t\t<\/div>\n\t\t\t\t<\/div>\n\t\t<div class=\"elementor-element elementor-element-e7acdb4 e-flex e-con-boxed e-con e-parent\" data-id=\"e7acdb4\" data-element_type=\"container\" data-settings=\"{&quot;background_background&quot;:&quot;classic&quot;}\">\n\t\t\t\t\t<div class=\"e-con-inner\">\n\t\t<div class=\"elementor-element elementor-element-ab8597b e-con-full e-flex e-con e-child\" data-id=\"ab8597b\" data-element_type=\"container\">\n\t\t\t\t<div class=\"elementor-element elementor-element-a73e9bd elementor-invisible elementor-widget elementor-widget-heading\" data-id=\"a73e9bd\" data-element_type=\"widget\" data-settings=\"{&quot;_animation&quot;:&quot;fadeInUp&quot;}\" data-widget_type=\"heading.default\">\n\t\t\t\t\t<h2 class=\"elementor-heading-title elementor-size-default\">Explora, sent i allibera la teva energia amb dansater\u00e0pia\n\n<\/h2>\t\t\t\t<\/div>\n\t\t\t\t<div class=\"elementor-element elementor-element-61a12ed elementor-invisible elementor-widget elementor-widget-text-editor\" data-id=\"61a12ed\" data-element_type=\"widget\" data-settings=\"{&quot;_animation&quot;:&quot;fadeIn&quot;,&quot;_animation_delay&quot;:1080}\" data-widget_type=\"text-editor.default\">\n\t\t\t\t\t\t\t\t\t<p><span style=\"font-weight: 400;\">Cada sessi\u00f3 est\u00e0 dissenyada per proporcionar un espai de llibertat i d'autenticitat. Enmig de la natura, et convidem a deixar anar bloquejos, despertar la teva creativitat i trobar equilibri entre cos i ment.<\/span><\/p>\t\t\t\t\t\t\t\t<\/div>\n\t\t\t\t<\/div>\n\t\t<div class=\"elementor-element elementor-element-9bdc70b e-con-full elementor-hidden-mobile e-flex e-con e-child\" data-id=\"9bdc70b\" data-element_type=\"container\">\n\t\t\t\t<\/div>\n\t\t\t\t\t<\/div>\n\t\t\t\t<\/div>\n\t\t\t\t<\/div>","protected":false},"excerpt":{"rendered":"<p>Danzaterapia: conecta con la naturaleza y lib\u00e9rate del estr\u00e9s Descubre el poder sanador del movimiento con nuestro programa de Danzaterapia en Casa4. Sum\u00e9rgete en una experiencia transformadora donde la danza se convierte en una herramienta de autoconocimiento, bienestar y conexi\u00f3n con la naturaleza. El movimiento como expresi\u00f3n y sanaci\u00f3n La Danzaterapia es una pr\u00e1ctica que [&hellip;]<\/p>","protected":false},"author":2,"featured_media":0,"parent":0,"menu_order":0,"comment_status":"closed","ping_status":"closed","template":"","meta":{"footnotes":""},"class_list":["post-50","page","type-page","status-publish","hentry"],"yoast_head":"<!-- This site is optimized with the Yoast SEO plugin v25.0 - https:\/\/yoast.com\/wordpress\/plugins\/seo\/ -->\n<title>Danzaterapia - Casa4<\/title>\n<meta name=\"robots\" content=\"noindex, follow, max-snippet:-1, max-image-preview:large, max-video-preview:-1\" \/>\n<meta property=\"og:locale\" content=\"ca_ES\" \/>\n<meta property=\"og:type\" content=\"article\" \/>\n<meta property=\"og:title\" content=\"Danzaterapia - Casa4\" \/>\n<meta property=\"og:description\" content=\"Danzaterapia: conecta con la naturaleza y lib\u00e9rate del estr\u00e9s Descubre el poder sanador del movimiento con nuestro programa de Danzaterapia en Casa4. Sum\u00e9rgete en una experiencia transformadora donde la danza se convierte en una herramienta de autoconocimiento, bienestar y conexi\u00f3n con la naturaleza. El movimiento como expresi\u00f3n y sanaci\u00f3n La Danzaterapia es una pr\u00e1ctica que [&hellip;]\" \/>\n<meta property=\"og:url\" content=\"https:\/\/esmeraldamoreno.online-valles-webs.com\/ca\/danzaterapia\/\" \/>\n<meta property=\"og:site_name\" content=\"Casa4\" \/>\n<meta property=\"article:modified_time\" content=\"2025-03-05T02:12:51+00:00\" \/>\n<meta name=\"twitter:card\" content=\"summary_large_image\" \/>\n<meta name=\"twitter:label1\" content=\"Temps estimat de lectura\" \/>\n\t<meta name=\"twitter:data1\" content=\"1 minut\" \/>\n<script type=\"application\/ld+json\" class=\"yoast-schema-graph\">{\"@context\":\"https:\/\/schema.org\",\"@graph\":[{\"@type\":\"WebPage\",\"@id\":\"https:\/\/esmeraldamoreno.online-valles-webs.com\/danzaterapia\/\",\"url\":\"https:\/\/esmeraldamoreno.online-valles-webs.com\/danzaterapia\/\",\"name\":\"Danzaterapia - Casa4\",\"isPartOf\":{\"@id\":\"https:\/\/esmeraldamoreno.online-valles-webs.com\/#website\"},\"datePublished\":\"2025-02-22T04:27:53+00:00\",\"dateModified\":\"2025-03-05T02:12:51+00:00\",\"breadcrumb\":{\"@id\":\"https:\/\/esmeraldamoreno.online-valles-webs.com\/danzaterapia\/#breadcrumb\"},\"inLanguage\":\"ca\",\"potentialAction\":[{\"@type\":\"ReadAction\",\"target\":[\"https:\/\/esmeraldamoreno.online-valles-webs.com\/danzaterapia\/\"]}]},{\"@type\":\"BreadcrumbList\",\"@id\":\"https:\/\/esmeraldamoreno.online-valles-webs.com\/danzaterapia\/#breadcrumb\",\"itemListElement\":[{\"@type\":\"ListItem\",\"position\":1,\"name\":\"Portada\",\"item\":\"https:\/\/esmeraldamoreno.online-valles-webs.com\/\"},{\"@type\":\"ListItem\",\"position\":2,\"name\":\"Danzaterapia\"}]},{\"@type\":\"WebSite\",\"@id\":\"https:\/\/esmeraldamoreno.online-valles-webs.com\/#website\",\"url\":\"https:\/\/esmeraldamoreno.online-valles-webs.com\/\",\"name\":\"Casa4\",\"description\":\"Retiros creativos y experiencias transformadoras en la naturaleza\",\"publisher\":{\"@id\":\"https:\/\/esmeraldamoreno.online-valles-webs.com\/#organization\"},\"potentialAction\":[{\"@type\":\"SearchAction\",\"target\":{\"@type\":\"EntryPoint\",\"urlTemplate\":\"https:\/\/esmeraldamoreno.online-valles-webs.com\/?s={search_term_string}\"},\"query-input\":{\"@type\":\"PropertyValueSpecification\",\"valueRequired\":true,\"valueName\":\"search_term_string\"}}],\"inLanguage\":\"ca\"},{\"@type\":\"Organization\",\"@id\":\"https:\/\/esmeraldamoreno.online-valles-webs.com\/#organization\",\"name\":\"Casa4\",\"url\":\"https:\/\/esmeraldamoreno.online-valles-webs.com\/\",\"logo\":{\"@type\":\"ImageObject\",\"inLanguage\":\"ca\",\"@id\":\"https:\/\/esmeraldamoreno.online-valles-webs.com\/#\/schema\/logo\/image\/\",\"url\":\"https:\/\/esmeraldamoreno.online-valles-webs.com\/wp-content\/uploads\/2025\/02\/casa4-colores.png\",\"contentUrl\":\"https:\/\/esmeraldamoreno.online-valles-webs.com\/wp-content\/uploads\/2025\/02\/casa4-colores.png\",\"width\":500,\"height\":400,\"caption\":\"Casa4\"},\"image\":{\"@id\":\"https:\/\/esmeraldamoreno.online-valles-webs.com\/#\/schema\/logo\/image\/\"}}]}<\/script>\n<!-- \/ Yoast SEO plugin. -->","yoast_head_json":{"title":"Danzaterapia - Casa4","robots":{"index":"noindex","follow":"follow","max-snippet":"max-snippet:-1","max-image-preview":"max-image-preview:large","max-video-preview":"max-video-preview:-1"},"og_locale":"ca_ES","og_type":"article","og_title":"Danzaterapia - Casa4","og_description":"Danzaterapia: conecta con la naturaleza y lib\u00e9rate del estr\u00e9s Descubre el poder sanador del movimiento con nuestro programa de Danzaterapia en Casa4. Sum\u00e9rgete en una experiencia transformadora donde la danza se convierte en una herramienta de autoconocimiento, bienestar y conexi\u00f3n con la naturaleza. El movimiento como expresi\u00f3n y sanaci\u00f3n La Danzaterapia es una pr\u00e1ctica que [&hellip;]","og_url":"https:\/\/esmeraldamoreno.online-valles-webs.com\/ca\/danzaterapia\/","og_site_name":"Casa4","article_modified_time":"2025-03-05T02:12:51+00:00","twitter_card":"summary_large_image","twitter_misc":{"Temps estimat de lectura":"1 minut"},"schema":{"@context":"https:\/\/schema.org","@graph":[{"@type":"WebPage","@id":"https:\/\/esmeraldamoreno.online-valles-webs.com\/danzaterapia\/","url":"https:\/\/esmeraldamoreno.online-valles-webs.com\/danzaterapia\/","name":"Danzaterapia - Casa4","isPartOf":{"@id":"https:\/\/esmeraldamoreno.online-valles-webs.com\/#website"},"datePublished":"2025-02-22T04:27:53+00:00","dateModified":"2025-03-05T02:12:51+00:00","breadcrumb":{"@id":"https:\/\/esmeraldamoreno.online-valles-webs.com\/danzaterapia\/#breadcrumb"},"inLanguage":"ca","potentialAction":[{"@type":"ReadAction","target":["https:\/\/esmeraldamoreno.online-valles-webs.com\/danzaterapia\/"]}]},{"@type":"BreadcrumbList","@id":"https:\/\/esmeraldamoreno.online-valles-webs.com\/danzaterapia\/#breadcrumb","itemListElement":[{"@type":"ListItem","position":1,"name":"Portada","item":"https:\/\/esmeraldamoreno.online-valles-webs.com\/"},{"@type":"ListItem","position":2,"name":"Danzaterapia"}]},{"@type":"WebSite","@id":"https:\/\/esmeraldamoreno.online-valles-webs.com\/#website","url":"https:\/\/esmeraldamoreno.online-valles-webs.com\/","name":"Casa4","description":"Retiros creativos y experiencias transformadoras en la naturaleza","publisher":{"@id":"https:\/\/esmeraldamoreno.online-valles-webs.com\/#organization"},"potentialAction":[{"@type":"SearchAction","target":{"@type":"EntryPoint","urlTemplate":"https:\/\/esmeraldamoreno.online-valles-webs.com\/?s={search_term_string}"},"query-input":{"@type":"PropertyValueSpecification","valueRequired":true,"valueName":"search_term_string"}}],"inLanguage":"ca"},{"@type":"Organization","@id":"https:\/\/esmeraldamoreno.online-valles-webs.com\/#organization","name":"Casa4","url":"https:\/\/esmeraldamoreno.online-valles-webs.com\/","logo":{"@type":"ImageObject","inLanguage":"ca","@id":"https:\/\/esmeraldamoreno.online-valles-webs.com\/#\/schema\/logo\/image\/","url":"https:\/\/esmeraldamoreno.online-valles-webs.com\/wp-content\/uploads\/2025\/02\/casa4-colores.png","contentUrl":"https:\/\/esmeraldamoreno.online-valles-webs.com\/wp-content\/uploads\/2025\/02\/casa4-colores.png","width":500,"height":400,"caption":"Casa4"},"image":{"@id":"https:\/\/esmeraldamoreno.online-valles-webs.com\/#\/schema\/logo\/image\/"}}]}},"_links":{"self":[{"href":"https:\/\/esmeraldamoreno.online-valles-webs.com\/ca\/wp-json\/wp\/v2\/pages\/50","targetHints":{"allow":["GET"]}}],"collection":[{"href":"https:\/\/esmeraldamoreno.online-valles-webs.com\/ca\/wp-json\/wp\/v2\/pages"}],"about":[{"href":"https:\/\/esmeraldamoreno.online-valles-webs.com\/ca\/wp-json\/wp\/v2\/types\/page"}],"author":[{"embeddable":true,"href":"https:\/\/esmeraldamoreno.online-valles-webs.com\/ca\/wp-json\/wp\/v2\/users\/2"}],"replies":[{"embeddable":true,"href":"https:\/\/esmeraldamoreno.online-valles-webs.com\/ca\/wp-json\/wp\/v2\/comments?post=50"}],"version-history":[{"count":94,"href":"https:\/\/esmeraldamoreno.online-valles-webs.com\/ca\/wp-json\/wp\/v2\/pages\/50\/revisions"}],"predecessor-version":[{"id":1235,"href":"https:\/\/esmeraldamoreno.online-valles-webs.com\/ca\/wp-json\/wp\/v2\/pages\/50\/revisions\/1235"}],"wp:attachment":[{"href":"https:\/\/esmeraldamoreno.online-valles-webs.com\/ca\/wp-json\/wp\/v2\/media?parent=50"}],"curies":[{"name":"wp","href":"https:\/\/api.w.org\/{rel}","templated":true}]}}