{"id":60,"date":"2025-02-22T05:29:23","date_gmt":"2025-02-22T04:29:23","guid":{"rendered":"https:\/\/esmeraldamoreno.online-valles-webs.com\/?page_id=60"},"modified":"2025-03-05T03:24:48","modified_gmt":"2025-03-05T02:24:48","slug":"calendario","status":"publish","type":"page","link":"https:\/\/esmeraldamoreno.online-valles-webs.com\/ca\/calendario\/","title":{"rendered":"Calendari"},"content":{"rendered":"<div data-elementor-type=\"wp-page\" data-elementor-id=\"60\" class=\"elementor elementor-60\" data-elementor-post-type=\"page\">\n\t\t\t\t<div class=\"elementor-element elementor-element-6b6f6c6 e-flex e-con-boxed e-con e-parent\" data-id=\"6b6f6c6\" data-element_type=\"container\" data-settings=\"{&quot;background_background&quot;:&quot;classic&quot;}\">\n\t\t\t\t\t<div class=\"e-con-inner\">\n\t\t<div class=\"elementor-element elementor-element-75d5149 e-con-full e-flex e-con e-child\" data-id=\"75d5149\" data-element_type=\"container\">\n\t\t\t\t<div class=\"elementor-element elementor-element-1e473c0 elementor-invisible elementor-widget elementor-widget-heading\" data-id=\"1e473c0\" data-element_type=\"widget\" data-settings=\"{&quot;_animation&quot;:&quot;fadeInUp&quot;}\" data-widget_type=\"heading.default\">\n\t\t\t\t\t<h2 class=\"elementor-heading-title elementor-size-default\">Calendario de nuestros retiros creativos y espirituales<\/h2>\t\t\t\t<\/div>\n\t\t\t\t<div class=\"elementor-element elementor-element-88000dc elementor-invisible elementor-widget elementor-widget-text-editor\" data-id=\"88000dc\" data-element_type=\"widget\" data-settings=\"{&quot;_animation&quot;:&quot;fadeInUp&quot;,&quot;_animation_delay&quot;:360}\" data-widget_type=\"text-editor.default\">\n\t\t\t\t\t\t\t\t\t<p><span style=\"font-weight: 400;\">En Casa4, cada uno de nuestros retiros est\u00e1 dise\u00f1ado para guiarte en un viaje de autodescubrimiento y crecimiento personal. Explora nuestro calendario de experiencias \u00fanicas, donde encontrar\u00e1s retiros espirituales, talleres creativos y momentos de bienestar, todos creados para nutrir tu ser y fomentar tu transformaci\u00f3n. <\/span><\/p>\t\t\t\t\t\t\t\t<\/div>\n\t\t\t\t<\/div>\n\t\t<div class=\"elementor-element elementor-element-57d3518 e-con-full elementor-hidden-mobile e-flex e-con e-child\" data-id=\"57d3518\" data-element_type=\"container\">\n\t\t\t\t<\/div>\n\t\t\t\t\t<\/div>\n\t\t\t\t<\/div>\n\t\t\t\t<\/div>","protected":false},"excerpt":{"rendered":"<p>Calendario de nuestros retiros creativos y espirituales En Casa4, cada uno de nuestros retiros est\u00e1 dise\u00f1ado para guiarte en un viaje de autodescubrimiento y crecimiento personal. Explora nuestro calendario de experiencias \u00fanicas, donde encontrar\u00e1s retiros espirituales, talleres creativos y momentos de bienestar, todos creados para nutrir tu ser y fomentar tu transformaci\u00f3n.<\/p>","protected":false},"author":2,"featured_media":0,"parent":0,"menu_order":0,"comment_status":"closed","ping_status":"closed","template":"","meta":{"footnotes":""},"class_list":["post-60","page","type-page","status-publish","hentry"],"yoast_head":"<!-- This site is optimized with the Yoast SEO plugin v25.0 - https:\/\/yoast.com\/wordpress\/plugins\/seo\/ -->\n<title>Calendario - Casa4<\/title>\n<meta name=\"robots\" content=\"noindex, follow, max-snippet:-1, max-image-preview:large, max-video-preview:-1\" \/>\n<meta property=\"og:locale\" content=\"ca_ES\" \/>\n<meta property=\"og:type\" content=\"article\" \/>\n<meta property=\"og:title\" content=\"Calendario - Casa4\" \/>\n<meta property=\"og:description\" content=\"Calendario de nuestros retiros creativos y espirituales En Casa4, cada uno de nuestros retiros est\u00e1 dise\u00f1ado para guiarte en un viaje de autodescubrimiento y crecimiento personal. Explora nuestro calendario de experiencias \u00fanicas, donde encontrar\u00e1s retiros espirituales, talleres creativos y momentos de bienestar, todos creados para nutrir tu ser y fomentar tu transformaci\u00f3n.\" \/>\n<meta property=\"og:url\" content=\"https:\/\/esmeraldamoreno.online-valles-webs.com\/ca\/calendario\/\" \/>\n<meta property=\"og:site_name\" content=\"Casa4\" \/>\n<meta property=\"article:modified_time\" content=\"2025-03-05T02:24:48+00:00\" \/>\n<meta name=\"twitter:card\" content=\"summary_large_image\" \/>\n<script type=\"application\/ld+json\" class=\"yoast-schema-graph\">{\"@context\":\"https:\/\/schema.org\",\"@graph\":[{\"@type\":\"WebPage\",\"@id\":\"https:\/\/esmeraldamoreno.online-valles-webs.com\/calendario\/\",\"url\":\"https:\/\/esmeraldamoreno.online-valles-webs.com\/calendario\/\",\"name\":\"Calendario - Casa4\",\"isPartOf\":{\"@id\":\"https:\/\/esmeraldamoreno.online-valles-webs.com\/#website\"},\"datePublished\":\"2025-02-22T04:29:23+00:00\",\"dateModified\":\"2025-03-05T02:24:48+00:00\",\"breadcrumb\":{\"@id\":\"https:\/\/esmeraldamoreno.online-valles-webs.com\/calendario\/#breadcrumb\"},\"inLanguage\":\"ca\",\"potentialAction\":[{\"@type\":\"ReadAction\",\"target\":[\"https:\/\/esmeraldamoreno.online-valles-webs.com\/calendario\/\"]}]},{\"@type\":\"BreadcrumbList\",\"@id\":\"https:\/\/esmeraldamoreno.online-valles-webs.com\/calendario\/#breadcrumb\",\"itemListElement\":[{\"@type\":\"ListItem\",\"position\":1,\"name\":\"Portada\",\"item\":\"https:\/\/esmeraldamoreno.online-valles-webs.com\/\"},{\"@type\":\"ListItem\",\"position\":2,\"name\":\"Calendario\"}]},{\"@type\":\"WebSite\",\"@id\":\"https:\/\/esmeraldamoreno.online-valles-webs.com\/#website\",\"url\":\"https:\/\/esmeraldamoreno.online-valles-webs.com\/\",\"name\":\"Casa4\",\"description\":\"Retiros creativos y experiencias transformadoras en la naturaleza\",\"publisher\":{\"@id\":\"https:\/\/esmeraldamoreno.online-valles-webs.com\/#organization\"},\"potentialAction\":[{\"@type\":\"SearchAction\",\"target\":{\"@type\":\"EntryPoint\",\"urlTemplate\":\"https:\/\/esmeraldamoreno.online-valles-webs.com\/?s={search_term_string}\"},\"query-input\":{\"@type\":\"PropertyValueSpecification\",\"valueRequired\":true,\"valueName\":\"search_term_string\"}}],\"inLanguage\":\"ca\"},{\"@type\":\"Organization\",\"@id\":\"https:\/\/esmeraldamoreno.online-valles-webs.com\/#organization\",\"name\":\"Casa4\",\"url\":\"https:\/\/esmeraldamoreno.online-valles-webs.com\/\",\"logo\":{\"@type\":\"ImageObject\",\"inLanguage\":\"ca\",\"@id\":\"https:\/\/esmeraldamoreno.online-valles-webs.com\/#\/schema\/logo\/image\/\",\"url\":\"https:\/\/esmeraldamoreno.online-valles-webs.com\/wp-content\/uploads\/2025\/02\/casa4-colores.png\",\"contentUrl\":\"https:\/\/esmeraldamoreno.online-valles-webs.com\/wp-content\/uploads\/2025\/02\/casa4-colores.png\",\"width\":500,\"height\":400,\"caption\":\"Casa4\"},\"image\":{\"@id\":\"https:\/\/esmeraldamoreno.online-valles-webs.com\/#\/schema\/logo\/image\/\"}}]}<\/script>\n<!-- \/ Yoast SEO plugin. -->","yoast_head_json":{"title":"Calendario - Casa4","robots":{"index":"noindex","follow":"follow","max-snippet":"max-snippet:-1","max-image-preview":"max-image-preview:large","max-video-preview":"max-video-preview:-1"},"og_locale":"ca_ES","og_type":"article","og_title":"Calendario - Casa4","og_description":"Calendario de nuestros retiros creativos y espirituales En Casa4, cada uno de nuestros retiros est\u00e1 dise\u00f1ado para guiarte en un viaje de autodescubrimiento y crecimiento personal. Explora nuestro calendario de experiencias \u00fanicas, donde encontrar\u00e1s retiros espirituales, talleres creativos y momentos de bienestar, todos creados para nutrir tu ser y fomentar tu transformaci\u00f3n.","og_url":"https:\/\/esmeraldamoreno.online-valles-webs.com\/ca\/calendario\/","og_site_name":"Casa4","article_modified_time":"2025-03-05T02:24:48+00:00","twitter_card":"summary_large_image","schema":{"@context":"https:\/\/schema.org","@graph":[{"@type":"WebPage","@id":"https:\/\/esmeraldamoreno.online-valles-webs.com\/calendario\/","url":"https:\/\/esmeraldamoreno.online-valles-webs.com\/calendario\/","name":"Calendario - Casa4","isPartOf":{"@id":"https:\/\/esmeraldamoreno.online-valles-webs.com\/#website"},"datePublished":"2025-02-22T04:29:23+00:00","dateModified":"2025-03-05T02:24:48+00:00","breadcrumb":{"@id":"https:\/\/esmeraldamoreno.online-valles-webs.com\/calendario\/#breadcrumb"},"inLanguage":"ca","potentialAction":[{"@type":"ReadAction","target":["https:\/\/esmeraldamoreno.online-valles-webs.com\/calendario\/"]}]},{"@type":"BreadcrumbList","@id":"https:\/\/esmeraldamoreno.online-valles-webs.com\/calendario\/#breadcrumb","itemListElement":[{"@type":"ListItem","position":1,"name":"Portada","item":"https:\/\/esmeraldamoreno.online-valles-webs.com\/"},{"@type":"ListItem","position":2,"name":"Calendario"}]},{"@type":"WebSite","@id":"https:\/\/esmeraldamoreno.online-valles-webs.com\/#website","url":"https:\/\/esmeraldamoreno.online-valles-webs.com\/","name":"Casa4","description":"Retiros creativos y experiencias transformadoras en la naturaleza","publisher":{"@id":"https:\/\/esmeraldamoreno.online-valles-webs.com\/#organization"},"potentialAction":[{"@type":"SearchAction","target":{"@type":"EntryPoint","urlTemplate":"https:\/\/esmeraldamoreno.online-valles-webs.com\/?s={search_term_string}"},"query-input":{"@type":"PropertyValueSpecification","valueRequired":true,"valueName":"search_term_string"}}],"inLanguage":"ca"},{"@type":"Organization","@id":"https:\/\/esmeraldamoreno.online-valles-webs.com\/#organization","name":"Casa4","url":"https:\/\/esmeraldamoreno.online-valles-webs.com\/","logo":{"@type":"ImageObject","inLanguage":"ca","@id":"https:\/\/esmeraldamoreno.online-valles-webs.com\/#\/schema\/logo\/image\/","url":"https:\/\/esmeraldamoreno.online-valles-webs.com\/wp-content\/uploads\/2025\/02\/casa4-colores.png","contentUrl":"https:\/\/esmeraldamoreno.online-valles-webs.com\/wp-content\/uploads\/2025\/02\/casa4-colores.png","width":500,"height":400,"caption":"Casa4"},"image":{"@id":"https:\/\/esmeraldamoreno.online-valles-webs.com\/#\/schema\/logo\/image\/"}}]}},"_links":{"self":[{"href":"https:\/\/esmeraldamoreno.online-valles-webs.com\/ca\/wp-json\/wp\/v2\/pages\/60","targetHints":{"allow":["GET"]}}],"collection":[{"href":"https:\/\/esmeraldamoreno.online-valles-webs.com\/ca\/wp-json\/wp\/v2\/pages"}],"about":[{"href":"https:\/\/esmeraldamoreno.online-valles-webs.com\/ca\/wp-json\/wp\/v2\/types\/page"}],"author":[{"embeddable":true,"href":"https:\/\/esmeraldamoreno.online-valles-webs.com\/ca\/wp-json\/wp\/v2\/users\/2"}],"replies":[{"embeddable":true,"href":"https:\/\/esmeraldamoreno.online-valles-webs.com\/ca\/wp-json\/wp\/v2\/comments?post=60"}],"version-history":[{"count":25,"href":"https:\/\/esmeraldamoreno.online-valles-webs.com\/ca\/wp-json\/wp\/v2\/pages\/60\/revisions"}],"predecessor-version":[{"id":1267,"href":"https:\/\/esmeraldamoreno.online-valles-webs.com\/ca\/wp-json\/wp\/v2\/pages\/60\/revisions\/1267"}],"wp:attachment":[{"href":"https:\/\/esmeraldamoreno.online-valles-webs.com\/ca\/wp-json\/wp\/v2\/media?parent=60"}],"curies":[{"name":"wp","href":"https:\/\/api.w.org\/{rel}","templated":true}]}}