{"id":671,"date":"2025-02-23T23:56:48","date_gmt":"2025-02-23T22:56:48","guid":{"rendered":"https:\/\/esmeraldamoreno.online-valles-webs.com\/?page_id=671"},"modified":"2025-03-05T03:51:26","modified_gmt":"2025-03-05T02:51:26","slug":"politica-de-cookies","status":"publish","type":"page","link":"https:\/\/esmeraldamoreno.online-valles-webs.com\/ca\/politica-de-cookies\/","title":{"rendered":"Pol\u00edtica de cookies"},"content":{"rendered":"<div data-elementor-type=\"wp-page\" data-elementor-id=\"671\" class=\"elementor elementor-671\" data-elementor-post-type=\"page\">\n\t\t\t\t<div class=\"elementor-element elementor-element-cee9811 e-flex e-con-boxed e-con e-parent\" data-id=\"cee9811\" data-element_type=\"container\" data-settings=\"{&quot;background_background&quot;:&quot;classic&quot;}\">\n\t\t\t\t\t<div class=\"e-con-inner\">\n\t\t\t\t<div class=\"elementor-element elementor-element-e95bfde elementor-widget elementor-widget-heading\" data-id=\"e95bfde\" data-element_type=\"widget\" data-widget_type=\"heading.default\">\n\t\t\t\t\t<h2 class=\"elementor-heading-title elementor-size-default\">Pol\u00edtica de cookies<\/h2>\t\t\t\t<\/div>\n\t\t\t\t\t<\/div>\n\t\t\t\t<\/div>\n\t\t<div class=\"elementor-element elementor-element-2faca14 e-flex e-con-boxed e-con e-parent\" data-id=\"2faca14\" data-element_type=\"container\">\n\t\t\t\t\t<div class=\"e-con-inner\">\n\t\t\t\t<div class=\"elementor-element elementor-element-ab31a3c elementor-widget elementor-widget-heading\" data-id=\"ab31a3c\" data-element_type=\"widget\" data-widget_type=\"heading.default\">\n\t\t\t\t\t<h2 class=\"elementor-heading-title elementor-size-default\">Pol\u00edtica de cookies (UE)<\/h2>\t\t\t\t<\/div>\n\t\t\t\t<div class=\"elementor-element elementor-element-d06dac1 elementor-widget elementor-widget-text-editor\" data-id=\"d06dac1\" data-element_type=\"widget\" data-widget_type=\"text-editor.default\">\n\t\t\t\t\t\t\t\t\t<p><i><span style=\"font-weight: 400;\">Aquesta pol\u00edtica de cookies va ser actualitzada per \u00faltima vegada el 08\/01\/2024 i s'aplica als ciutadans i residents legals permanents de l'Espai Econ\u00f2mic Europeu i Su\u00efssa<\/span><\/i><\/p>\t\t\t\t\t\t\t\t<\/div>\n\t\t\t\t<div class=\"elementor-element elementor-element-62b4b16 elementor-widget elementor-widget-heading\" data-id=\"62b4b16\" data-element_type=\"widget\" data-widget_type=\"heading.default\">\n\t\t\t\t\t<h2 class=\"elementor-heading-title elementor-size-default\">1. Introducci\u00f3<\/h2>\t\t\t\t<\/div>\n\t\t\t\t<div class=\"elementor-element elementor-element-d3be863 elementor-widget elementor-widget-text-editor\" data-id=\"d3be863\" data-element_type=\"widget\" data-widget_type=\"text-editor.default\">\n\t\t\t\t\t\t\t\t\t<p><span style=\"font-weight: 400;\">La nostra web, <a href=\"https:\/\/esmeraldamoreno.online-valles-webs.com\/ca\/\">https:\/\/esmeraldamoreno.online-valles-webs.com<\/a><\/span><span style=\"font-weight: 400;\">\u00a0(d'ara endavant: \u00abla web\u00bb) utilitza cookies i altres tecnologies relacionades (per a major comoditat, totes les tecnologies es denominen \u00abcookies\u00bb). Les cookies tamb\u00e9 s\u00f3n col\u00b7locades per tercers als quals hem contractat. En el seg\u00fcent document t'informem sobre l'\u00fas de cookies en la nostra web.<\/span><\/p>\t\t\t\t\t\t\t\t<\/div>\n\t\t\t\t<div class=\"elementor-element elementor-element-8a83915 elementor-widget elementor-widget-heading\" data-id=\"8a83915\" data-element_type=\"widget\" data-widget_type=\"heading.default\">\n\t\t\t\t\t<h2 class=\"elementor-heading-title elementor-size-default\">2. Qu\u00e8 s\u00f3n les cookies?<\/h2>\t\t\t\t<\/div>\n\t\t\t\t<div class=\"elementor-element elementor-element-d6e63b3 elementor-widget elementor-widget-text-editor\" data-id=\"d6e63b3\" data-element_type=\"widget\" data-widget_type=\"text-editor.default\">\n\t\t\t\t\t\t\t\t\t<p><span style=\"font-weight: 400;\">Una cookie \u00e9s un petit arxiu que s'envia juntament amb les p\u00e0gines d'aquesta web i que el teu navegador emmagatzema en el disc dur del seu ordinador o un altre dispositiu. La informaci\u00f3 emmagatzemada pot ser retornada als nostres servidors o als servidors de tercers apropiats durant una visita posterior.<\/span><\/p>\t\t\t\t\t\t\t\t<\/div>\n\t\t\t\t<div class=\"elementor-element elementor-element-2ee00d2 elementor-widget elementor-widget-heading\" data-id=\"2ee00d2\" data-element_type=\"widget\" data-widget_type=\"heading.default\">\n\t\t\t\t\t<h2 class=\"elementor-heading-title elementor-size-default\">3. Qu\u00e8 s\u00f3n els scripts?<\/h2>\t\t\t\t<\/div>\n\t\t\t\t<div class=\"elementor-element elementor-element-ffa853e elementor-widget elementor-widget-text-editor\" data-id=\"ffa853e\" data-element_type=\"widget\" data-widget_type=\"text-editor.default\">\n\t\t\t\t\t\t\t\t\t<p><span style=\"font-weight: 400;\">Un script \u00e9s un fragment de codi de programa que s'utilitza per a fer que la nostra web funcioni correctament i de manera interactiva. Aquest codi s'executa en el nostre servidor o en el teu dispositiu.<\/span><\/p>\t\t\t\t\t\t\t\t<\/div>\n\t\t\t\t<div class=\"elementor-element elementor-element-8cb3712 elementor-widget elementor-widget-heading\" data-id=\"8cb3712\" data-element_type=\"widget\" data-widget_type=\"heading.default\">\n\t\t\t\t\t<h2 class=\"elementor-heading-title elementor-size-default\">4. Qu\u00e8 \u00e9s una balisa web?<\/h2>\t\t\t\t<\/div>\n\t\t\t\t<div class=\"elementor-element elementor-element-c718f3c elementor-widget elementor-widget-text-editor\" data-id=\"c718f3c\" data-element_type=\"widget\" data-widget_type=\"text-editor.default\">\n\t\t\t\t\t\t\t\t\t<p><span style=\"font-weight: 400;\">Una balisa web (o una etiqueta de p\u00edxel) \u00e9s una petita i invisible pe\u00e7a de text o imatge en una web que s'utilitza per a monitorar el tr\u00e0nsit en una web. Per a aix\u00f2, s'emmagatzemen diverses dades sobre vost\u00e8 mitjan\u00e7ant aquestes balises web.<\/span><\/p>\t\t\t\t\t\t\t\t<\/div>\n\t\t\t\t<div class=\"elementor-element elementor-element-c2e3339 elementor-widget elementor-widget-heading\" data-id=\"c2e3339\" data-element_type=\"widget\" data-widget_type=\"heading.default\">\n\t\t\t\t\t<h2 class=\"elementor-heading-title elementor-size-default\">5. Cookies<\/h2>\t\t\t\t<\/div>\n\t\t\t\t<div class=\"elementor-element elementor-element-1b8161e elementor-widget elementor-widget-text-editor\" data-id=\"1b8161e\" data-element_type=\"widget\" data-widget_type=\"text-editor.default\">\n\t\t\t\t\t\t\t\t\t<p><b>5.1 Cookies t\u00e8cniques o funcionals<\/b><\/p><p><span style=\"font-weight: 400;\">Algunes cookies asseguren que unes certes parts de la web funcionin correctament i que les teves prefer\u00e8ncies d'usuari continu\u00efn recordant-se. En col\u00b7locar cookies funcionals, et facilitem la visita a la nostra web. D'aquesta manera, no necessites introduir repetidament la mateixa informaci\u00f3 quan visites la nostra web i, per exemple, els articles romanen en la teva cistella de la compra fins que hagis pagat. Podem col\u00b7locar aquestes cookies sense el teu consentiment.<\/span><\/p><p><b>5.2 Cookies de m\u00e0rqueting\/seguiment<\/b><\/p><p><span style=\"font-weight: 400;\">Les cookies de m\u00e0rqueting\/seguiment s\u00f3n cookies, o qualsevol altra forma d'emmagatzematge local, usades per a crear perfils d'usuari per a mostrar publicitat o per a fer el seguiment de l'usuari en aquesta web o en diverses webs amb finalitats de m\u00e0rqueting similars.<\/span><\/p>\t\t\t\t\t\t\t\t<\/div>\n\t\t\t\t<div class=\"elementor-element elementor-element-5ebd223 elementor-widget elementor-widget-heading\" data-id=\"5ebd223\" data-element_type=\"widget\" data-widget_type=\"heading.default\">\n\t\t\t\t\t<h2 class=\"elementor-heading-title elementor-size-default\">6. Cookies usades<\/h2>\t\t\t\t<\/div>\n\t\t\t\t<div class=\"elementor-element elementor-element-6227945 elementor-widget elementor-widget-text-editor\" data-id=\"6227945\" data-element_type=\"widget\" data-widget_type=\"text-editor.default\">\n\t\t\t\t\t\t\t\t\t<p><strong>Elementor<\/strong><br \/>Estad\u00edstiques (an\u00f2nimes)<br \/>Consent to service elementor<br \/><br \/><strong>WordPress<\/strong><br \/>Funcional<br \/>Consent to service wordpress<br \/><br \/><strong>Varis<\/strong><br \/>Prop\u00f2sit pendent de <br \/><br \/><strong>recerca<\/strong><br \/>Consent to service varis<\/p>\t\t\t\t\t\t\t\t<\/div>\n\t\t\t\t<div class=\"elementor-element elementor-element-7521611 elementor-widget elementor-widget-heading\" data-id=\"7521611\" data-element_type=\"widget\" data-widget_type=\"heading.default\">\n\t\t\t\t\t<h2 class=\"elementor-heading-title elementor-size-default\">7. Consentiment<\/h2>\t\t\t\t<\/div>\n\t\t\t\t<div class=\"elementor-element elementor-element-0a55818 elementor-widget elementor-widget-text-editor\" data-id=\"0a55818\" data-element_type=\"widget\" data-widget_type=\"text-editor.default\">\n\t\t\t\t\t\t\t\t\t<p><span style=\"font-weight: 400;\">Quan visitis la nostra web per primera vegada, et mostrarem una finestra emergent amb una explicaci\u00f3 sobre les cookies. Tan aviat com facis clic a \u00abGuardar prefer\u00e8ncies\u00bb, acceptes que usem les categories de cookies i plugins que has seleccionat en la finestra emergent, tal com es descriu en aquesta pol\u00edtica de cookies. Pots desactivar l'\u00fas de cookies a trav\u00e9s del teu navegador, per\u00f2, si us plau, tingues en compte que la nostra web pot deixar de funcionar correctament.<br \/><br \/><\/span><\/p><p><b>7.1 Gestiona els teus ajustos de consentiment<\/b><\/p><p><span style=\"font-weight: 400;\">Funcional<\/span><\/p><p><span style=\"font-weight: 400;\">Sempre actiu<\/span><\/p><p><span style=\"font-weight: 400;\">M\u00e0rqueting<\/span><\/p><p><span style=\"font-weight: 400;\">M\u00e0rqueting<\/span><\/p>\t\t\t\t\t\t\t\t<\/div>\n\t\t\t\t<div class=\"elementor-element elementor-element-5a9c22b elementor-widget elementor-widget-heading\" data-id=\"5a9c22b\" data-element_type=\"widget\" data-widget_type=\"heading.default\">\n\t\t\t\t\t<h2 class=\"elementor-heading-title elementor-size-default\">8. Activaci\u00f3\/desactivaci\u00f3 i esborrament de cookies<\/h2>\t\t\t\t<\/div>\n\t\t\t\t<div class=\"elementor-element elementor-element-4051f52 elementor-widget elementor-widget-text-editor\" data-id=\"4051f52\" data-element_type=\"widget\" data-widget_type=\"text-editor.default\">\n\t\t\t\t\t\t\t\t\t<p><span style=\"font-weight: 400;\">Pots utilitzar el teu navegador d'Internet per a eliminar les cookies de manera autom\u00e0tica o manual. Tamb\u00e9 pots especificar que unes certes cookies no poden ser col\u00b7locades. Una altra opci\u00f3 \u00e9s canviar els ajustos del teu navegador d'Internet perqu\u00e8 rebis un missatge cada vegada que es col\u00b7loca una cookie. Per a obtenir m\u00e9s informaci\u00f3 sobre aquestes opcions, consulta les instruccions de la secci\u00f3 \u00abAjuda\u00bb del teu navegador.<\/span><\/p><p><span style=\"font-weight: 400;\">Tingues en compte que la nostra web pot no funcionar correctament si totes les cookies estan desactivades. Si esborres les cookies del teu navegador, es tornaran a col\u00b7locar despr\u00e9s del teu consentiment quan tornis a visitar les nostres webs.<\/span><\/p>\t\t\t\t\t\t\t\t<\/div>\n\t\t\t\t<div class=\"elementor-element elementor-element-bc5430a elementor-widget elementor-widget-heading\" data-id=\"bc5430a\" data-element_type=\"widget\" data-widget_type=\"heading.default\">\n\t\t\t\t\t<h2 class=\"elementor-heading-title elementor-size-default\">9. Els teus drets respecte a les dades personals<\/h2>\t\t\t\t<\/div>\n\t\t\t\t<div class=\"elementor-element elementor-element-e05390c elementor-widget elementor-widget-text-editor\" data-id=\"e05390c\" data-element_type=\"widget\" data-widget_type=\"text-editor.default\">\n\t\t\t\t\t\t\t\t\t<p><span style=\"font-weight: 400;\">Tens els seg\u00fcents drets respecte a les teves dades personals:<\/span><\/p><ul><li style=\"font-weight: 400;\" aria-level=\"1\"><span style=\"font-weight: 400;\">T\u00e9 dret a saber per qu\u00e8 es necessiten les teves dades personals, qu\u00e8 succeir\u00e0 amb ells i durant quant temps es conservaran.<\/span><\/li><li style=\"font-weight: 400;\" aria-level=\"1\"><span style=\"font-weight: 400;\">Dret d'acc\u00e9s: tens dret a accedir a les teves dades personals que coneixem.<\/span><\/li><li style=\"font-weight: 400;\" aria-level=\"1\"><span style=\"font-weight: 400;\">Dret de rectificaci\u00f3: tens dret a completar, rectificar, esborrar o bloquejar les teves dades personals quan ho desitgis.<\/span><\/li><li style=\"font-weight: 400;\" aria-level=\"1\"><span style=\"font-weight: 400;\">Si ens dones el teu consentiment per a processar les teves dades, tens dret a revocar aquest consentiment i al fet que s'eliminin les teves dades personals.<\/span><\/li><li style=\"font-weight: 400;\" aria-level=\"1\"><span style=\"font-weight: 400;\">Dret de cessi\u00f3 de les teves dades: tens dret a sol\u00b7licitar totes les teves dades personals al responsable del tractament i a transferir-los \u00edntegrament a un altre responsable del tractament.<\/span><\/li><li style=\"font-weight: 400;\" aria-level=\"1\"><span style=\"font-weight: 400;\">Dret d'oposici\u00f3: pots oposar-te al tractament de les teves dades. Nosaltres complim amb aix\u00f2, tret que existeixin motius justificats per al processament.<\/span><\/li><\/ul><p><span style=\"font-weight: 400;\">Per a exercir aquests drets, si us plau, contacta amb nosaltres. Si us plau, consulta els detalls de contacte en la part inferior d'aquesta pol\u00edtica de cookies. Si tens alguna queixa sobre com gestionem les teves dades, ens agradaria que ens la fessis saber, per\u00f2 tamb\u00e9 tens dret a enviar una queixa a l'autoritat supervisora (l'autoritat de protecci\u00f3 de dades).<\/span><\/p>\t\t\t\t\t\t\t\t<\/div>\n\t\t\t\t<div class=\"elementor-element elementor-element-c5c2131 elementor-widget elementor-widget-heading\" data-id=\"c5c2131\" data-element_type=\"widget\" data-widget_type=\"heading.default\">\n\t\t\t\t\t<h2 class=\"elementor-heading-title elementor-size-default\">10. Dades de contacte<\/h2>\t\t\t\t<\/div>\n\t\t\t\t<div class=\"elementor-element elementor-element-48a625f elementor-widget elementor-widget-text-editor\" data-id=\"48a625f\" data-element_type=\"widget\" data-widget_type=\"text-editor.default\">\n\t\t\t\t\t\t\t\t\t<p><span style=\"font-weight: 400;\">Per a preguntes i\/o comentaris sobre la nostra pol\u00edtica de cookies i aquesta declaraci\u00f3, si us plau, contacta amb nosaltres usant les seg\u00fcents dades de contacte:<br \/><br \/><\/span>Casa4<br \/><span style=\"font-weight: 400;\">Carrer Mossen Joan Aymerich 13 1-2<\/span><br \/><br \/>Espanya<br \/>Web: https:\/\/esmeraldamoreno.online-valles-webs.com\/<br \/>Correu electr\u00f2nic: expandeix.casa4@gmail.com<br \/>N\u00famero Tel\u00e9fonico:<b>\u00a0<\/b><span style=\"font-weight: 400;\">629 288 549<br \/><br \/>Aquesta pol\u00edtica de cookies s'ha sincronitzat amb <a href=\"https:\/\/cookiedatabase.org\/\">cookiedatabase.org<\/a> el 08\/01\/2024<br \/><\/span><\/p>\t\t\t\t\t\t\t\t<\/div>\n\t\t\t\t\t<\/div>\n\t\t\t\t<\/div>\n\t\t\t\t<\/div>","protected":false},"excerpt":{"rendered":"<p>Pol\u00edtica de cookies (UE) Esta pol\u00edtica de cookies fue actualizada por \u00faltima vez el 08\/01\/2024 y se aplica a los ciudadanos y residentes legales permanentes del Espacio Econ\u00f3mico Europeo y Suiza 1. Introducci\u00f3n Nuestra web, https:\/\/esmeraldamoreno.online-valles-webs.com\u00a0(en adelante: \u00abla web\u00bb) utiliza cookies y otras tecnolog\u00edas relacionadas (para mayor comodidad, todas las tecnolog\u00edas se denominan \u00abcookies\u00bb). Las [&hellip;]<\/p>","protected":false},"author":2,"featured_media":0,"parent":0,"menu_order":0,"comment_status":"closed","ping_status":"closed","template":"","meta":{"footnotes":""},"class_list":["post-671","page","type-page","status-publish","hentry"],"yoast_head":"<!-- This site is optimized with the Yoast SEO plugin v25.0 - https:\/\/yoast.com\/wordpress\/plugins\/seo\/ -->\n<title>Pol\u00edtica de cookies - Casa4<\/title>\n<meta name=\"robots\" content=\"noindex, follow, max-snippet:-1, max-image-preview:large, max-video-preview:-1\" \/>\n<meta property=\"og:locale\" content=\"ca_ES\" \/>\n<meta property=\"og:type\" content=\"article\" \/>\n<meta property=\"og:title\" content=\"Pol\u00edtica de cookies - Casa4\" \/>\n<meta property=\"og:description\" content=\"Pol\u00edtica de cookies (UE) Esta pol\u00edtica de cookies fue actualizada por \u00faltima vez el 08\/01\/2024 y se aplica a los ciudadanos y residentes legales permanentes del Espacio Econ\u00f3mico Europeo y Suiza 1. Introducci\u00f3n Nuestra web, https:\/\/esmeraldamoreno.online-valles-webs.com\u00a0(en adelante: \u00abla web\u00bb) utiliza cookies y otras tecnolog\u00edas relacionadas (para mayor comodidad, todas las tecnolog\u00edas se denominan \u00abcookies\u00bb). Las [&hellip;]\" \/>\n<meta property=\"og:url\" content=\"https:\/\/esmeraldamoreno.online-valles-webs.com\/ca\/politica-de-cookies\/\" \/>\n<meta property=\"og:site_name\" content=\"Casa4\" \/>\n<meta property=\"article:modified_time\" content=\"2025-03-05T02:51:26+00:00\" \/>\n<meta name=\"twitter:card\" content=\"summary_large_image\" \/>\n<meta name=\"twitter:label1\" content=\"Temps estimat de lectura\" \/>\n\t<meta name=\"twitter:data1\" content=\"4 minuts\" \/>\n<script type=\"application\/ld+json\" class=\"yoast-schema-graph\">{\"@context\":\"https:\/\/schema.org\",\"@graph\":[{\"@type\":\"WebPage\",\"@id\":\"https:\/\/esmeraldamoreno.online-valles-webs.com\/politica-de-cookies\/\",\"url\":\"https:\/\/esmeraldamoreno.online-valles-webs.com\/politica-de-cookies\/\",\"name\":\"Pol\u00edtica de cookies - Casa4\",\"isPartOf\":{\"@id\":\"https:\/\/esmeraldamoreno.online-valles-webs.com\/#website\"},\"datePublished\":\"2025-02-23T22:56:48+00:00\",\"dateModified\":\"2025-03-05T02:51:26+00:00\",\"breadcrumb\":{\"@id\":\"https:\/\/esmeraldamoreno.online-valles-webs.com\/politica-de-cookies\/#breadcrumb\"},\"inLanguage\":\"ca\",\"potentialAction\":[{\"@type\":\"ReadAction\",\"target\":[\"https:\/\/esmeraldamoreno.online-valles-webs.com\/politica-de-cookies\/\"]}]},{\"@type\":\"BreadcrumbList\",\"@id\":\"https:\/\/esmeraldamoreno.online-valles-webs.com\/politica-de-cookies\/#breadcrumb\",\"itemListElement\":[{\"@type\":\"ListItem\",\"position\":1,\"name\":\"Portada\",\"item\":\"https:\/\/esmeraldamoreno.online-valles-webs.com\/\"},{\"@type\":\"ListItem\",\"position\":2,\"name\":\"Pol\u00edtica de cookies\"}]},{\"@type\":\"WebSite\",\"@id\":\"https:\/\/esmeraldamoreno.online-valles-webs.com\/#website\",\"url\":\"https:\/\/esmeraldamoreno.online-valles-webs.com\/\",\"name\":\"Casa4\",\"description\":\"Retiros creativos y experiencias transformadoras en la naturaleza\",\"publisher\":{\"@id\":\"https:\/\/esmeraldamoreno.online-valles-webs.com\/#organization\"},\"potentialAction\":[{\"@type\":\"SearchAction\",\"target\":{\"@type\":\"EntryPoint\",\"urlTemplate\":\"https:\/\/esmeraldamoreno.online-valles-webs.com\/?s={search_term_string}\"},\"query-input\":{\"@type\":\"PropertyValueSpecification\",\"valueRequired\":true,\"valueName\":\"search_term_string\"}}],\"inLanguage\":\"ca\"},{\"@type\":\"Organization\",\"@id\":\"https:\/\/esmeraldamoreno.online-valles-webs.com\/#organization\",\"name\":\"Casa4\",\"url\":\"https:\/\/esmeraldamoreno.online-valles-webs.com\/\",\"logo\":{\"@type\":\"ImageObject\",\"inLanguage\":\"ca\",\"@id\":\"https:\/\/esmeraldamoreno.online-valles-webs.com\/#\/schema\/logo\/image\/\",\"url\":\"https:\/\/esmeraldamoreno.online-valles-webs.com\/wp-content\/uploads\/2025\/02\/casa4-colores.png\",\"contentUrl\":\"https:\/\/esmeraldamoreno.online-valles-webs.com\/wp-content\/uploads\/2025\/02\/casa4-colores.png\",\"width\":500,\"height\":400,\"caption\":\"Casa4\"},\"image\":{\"@id\":\"https:\/\/esmeraldamoreno.online-valles-webs.com\/#\/schema\/logo\/image\/\"}}]}<\/script>\n<!-- \/ Yoast SEO plugin. -->","yoast_head_json":{"title":"Pol\u00edtica de cookies - Casa4","robots":{"index":"noindex","follow":"follow","max-snippet":"max-snippet:-1","max-image-preview":"max-image-preview:large","max-video-preview":"max-video-preview:-1"},"og_locale":"ca_ES","og_type":"article","og_title":"Pol\u00edtica de cookies - Casa4","og_description":"Pol\u00edtica de cookies (UE) Esta pol\u00edtica de cookies fue actualizada por \u00faltima vez el 08\/01\/2024 y se aplica a los ciudadanos y residentes legales permanentes del Espacio Econ\u00f3mico Europeo y Suiza 1. Introducci\u00f3n Nuestra web, https:\/\/esmeraldamoreno.online-valles-webs.com\u00a0(en adelante: \u00abla web\u00bb) utiliza cookies y otras tecnolog\u00edas relacionadas (para mayor comodidad, todas las tecnolog\u00edas se denominan \u00abcookies\u00bb). Las [&hellip;]","og_url":"https:\/\/esmeraldamoreno.online-valles-webs.com\/ca\/politica-de-cookies\/","og_site_name":"Casa4","article_modified_time":"2025-03-05T02:51:26+00:00","twitter_card":"summary_large_image","twitter_misc":{"Temps estimat de lectura":"4 minuts"},"schema":{"@context":"https:\/\/schema.org","@graph":[{"@type":"WebPage","@id":"https:\/\/esmeraldamoreno.online-valles-webs.com\/politica-de-cookies\/","url":"https:\/\/esmeraldamoreno.online-valles-webs.com\/politica-de-cookies\/","name":"Pol\u00edtica de cookies - Casa4","isPartOf":{"@id":"https:\/\/esmeraldamoreno.online-valles-webs.com\/#website"},"datePublished":"2025-02-23T22:56:48+00:00","dateModified":"2025-03-05T02:51:26+00:00","breadcrumb":{"@id":"https:\/\/esmeraldamoreno.online-valles-webs.com\/politica-de-cookies\/#breadcrumb"},"inLanguage":"ca","potentialAction":[{"@type":"ReadAction","target":["https:\/\/esmeraldamoreno.online-valles-webs.com\/politica-de-cookies\/"]}]},{"@type":"BreadcrumbList","@id":"https:\/\/esmeraldamoreno.online-valles-webs.com\/politica-de-cookies\/#breadcrumb","itemListElement":[{"@type":"ListItem","position":1,"name":"Portada","item":"https:\/\/esmeraldamoreno.online-valles-webs.com\/"},{"@type":"ListItem","position":2,"name":"Pol\u00edtica de cookies"}]},{"@type":"WebSite","@id":"https:\/\/esmeraldamoreno.online-valles-webs.com\/#website","url":"https:\/\/esmeraldamoreno.online-valles-webs.com\/","name":"Casa4","description":"Retiros creativos y experiencias transformadoras en la naturaleza","publisher":{"@id":"https:\/\/esmeraldamoreno.online-valles-webs.com\/#organization"},"potentialAction":[{"@type":"SearchAction","target":{"@type":"EntryPoint","urlTemplate":"https:\/\/esmeraldamoreno.online-valles-webs.com\/?s={search_term_string}"},"query-input":{"@type":"PropertyValueSpecification","valueRequired":true,"valueName":"search_term_string"}}],"inLanguage":"ca"},{"@type":"Organization","@id":"https:\/\/esmeraldamoreno.online-valles-webs.com\/#organization","name":"Casa4","url":"https:\/\/esmeraldamoreno.online-valles-webs.com\/","logo":{"@type":"ImageObject","inLanguage":"ca","@id":"https:\/\/esmeraldamoreno.online-valles-webs.com\/#\/schema\/logo\/image\/","url":"https:\/\/esmeraldamoreno.online-valles-webs.com\/wp-content\/uploads\/2025\/02\/casa4-colores.png","contentUrl":"https:\/\/esmeraldamoreno.online-valles-webs.com\/wp-content\/uploads\/2025\/02\/casa4-colores.png","width":500,"height":400,"caption":"Casa4"},"image":{"@id":"https:\/\/esmeraldamoreno.online-valles-webs.com\/#\/schema\/logo\/image\/"}}]}},"_links":{"self":[{"href":"https:\/\/esmeraldamoreno.online-valles-webs.com\/ca\/wp-json\/wp\/v2\/pages\/671","targetHints":{"allow":["GET"]}}],"collection":[{"href":"https:\/\/esmeraldamoreno.online-valles-webs.com\/ca\/wp-json\/wp\/v2\/pages"}],"about":[{"href":"https:\/\/esmeraldamoreno.online-valles-webs.com\/ca\/wp-json\/wp\/v2\/types\/page"}],"author":[{"embeddable":true,"href":"https:\/\/esmeraldamoreno.online-valles-webs.com\/ca\/wp-json\/wp\/v2\/users\/2"}],"replies":[{"embeddable":true,"href":"https:\/\/esmeraldamoreno.online-valles-webs.com\/ca\/wp-json\/wp\/v2\/comments?post=671"}],"version-history":[{"count":10,"href":"https:\/\/esmeraldamoreno.online-valles-webs.com\/ca\/wp-json\/wp\/v2\/pages\/671\/revisions"}],"predecessor-version":[{"id":1320,"href":"https:\/\/esmeraldamoreno.online-valles-webs.com\/ca\/wp-json\/wp\/v2\/pages\/671\/revisions\/1320"}],"wp:attachment":[{"href":"https:\/\/esmeraldamoreno.online-valles-webs.com\/ca\/wp-json\/wp\/v2\/media?parent=671"}],"curies":[{"name":"wp","href":"https:\/\/api.w.org\/{rel}","templated":true}]}}