{"id":677,"date":"2025-02-24T00:13:44","date_gmt":"2025-02-23T23:13:44","guid":{"rendered":"https:\/\/esmeraldamoreno.online-valles-webs.com\/?page_id=677"},"modified":"2025-03-05T03:51:16","modified_gmt":"2025-03-05T02:51:16","slug":"declaracion-de-accesibilidad","status":"publish","type":"page","link":"https:\/\/esmeraldamoreno.online-valles-webs.com\/ca\/declaracion-de-accesibilidad\/","title":{"rendered":"Declaraci\u00f3 d'Accessibilitat"},"content":{"rendered":"<div data-elementor-type=\"wp-page\" data-elementor-id=\"677\" class=\"elementor elementor-677\" data-elementor-post-type=\"page\">\n\t\t\t\t<div class=\"elementor-element elementor-element-151b140 e-flex e-con-boxed e-con e-parent\" data-id=\"151b140\" data-element_type=\"container\" data-settings=\"{&quot;background_background&quot;:&quot;classic&quot;}\">\n\t\t\t\t\t<div class=\"e-con-inner\">\n\t\t\t\t<div class=\"elementor-element elementor-element-aa6d30b elementor-widget elementor-widget-heading\" data-id=\"aa6d30b\" data-element_type=\"widget\" data-widget_type=\"heading.default\">\n\t\t\t\t\t<h2 class=\"elementor-heading-title elementor-size-default\">Declaraci\u00f3 d'Accessibilitat<\/h2>\t\t\t\t<\/div>\n\t\t\t\t\t<\/div>\n\t\t\t\t<\/div>\n\t\t<div class=\"elementor-element elementor-element-2faca14 e-flex e-con-boxed e-con e-parent\" data-id=\"2faca14\" data-element_type=\"container\">\n\t\t\t\t\t<div class=\"e-con-inner\">\n\t\t\t\t<div class=\"elementor-element elementor-element-ab31a3c elementor-widget elementor-widget-heading\" data-id=\"ab31a3c\" data-element_type=\"widget\" data-widget_type=\"heading.default\">\n\t\t\t\t\t<h2 class=\"elementor-heading-title elementor-size-default\">Declaraci\u00f3 d'Accessibilitat<\/h2>\t\t\t\t<\/div>\n\t\t\t\t<div class=\"elementor-element elementor-element-d06dac1 elementor-widget elementor-widget-text-editor\" data-id=\"d06dac1\" data-element_type=\"widget\" data-widget_type=\"text-editor.default\">\n\t\t\t\t\t\t\t\t\t<p><span style=\"font-weight: 400;\">En l\u00ednia Vall\u00e9s s'ha comprom\u00e8s a fer accessible el seu lloc web, conforme al Reial decret 1112\/2018, de 7 de setembre, sobre accessibilitat dels llocs web i aplicacions per a dispositius m\u00f2bils del sector p\u00fablic. Aquesta declaraci\u00f3 d'accessibilitat s'aplica a aquesta web.<\/span><\/p>\t\t\t\t\t\t\t\t<\/div>\n\t\t\t\t<div class=\"elementor-element elementor-element-62b4b16 elementor-widget elementor-widget-heading\" data-id=\"62b4b16\" data-element_type=\"widget\" data-widget_type=\"heading.default\">\n\t\t\t\t\t<h2 class=\"elementor-heading-title elementor-size-default\">Situaci\u00f3 de compliment\n<\/h2>\t\t\t\t<\/div>\n\t\t\t\t<div class=\"elementor-element elementor-element-d3be863 elementor-widget elementor-widget-text-editor\" data-id=\"d3be863\" data-element_type=\"widget\" data-widget_type=\"text-editor.default\">\n\t\t\t\t\t\t\t\t\t<p><span style=\"font-weight: 400;\">Aquest lloc web est\u00e0 desenvolupat segons l'RD 1112\/2018<\/span><\/p>\t\t\t\t\t\t\t\t<\/div>\n\t\t\t\t<div class=\"elementor-element elementor-element-8a83915 elementor-widget elementor-widget-heading\" data-id=\"8a83915\" data-element_type=\"widget\" data-widget_type=\"heading.default\">\n\t\t\t\t\t<h2 class=\"elementor-heading-title elementor-size-default\">Preparaci\u00f3 per a la seg\u00fcent declaraci\u00f3 d'accessibilitat<\/h2>\t\t\t\t<\/div>\n\t\t\t\t<div class=\"elementor-element elementor-element-d6e63b3 elementor-widget elementor-widget-text-editor\" data-id=\"d6e63b3\" data-element_type=\"widget\" data-widget_type=\"text-editor.default\">\n\t\t\t\t\t\t\t\t\t<p><span style=\"font-weight: 400;\">Aquesta declaraci\u00f3 va ser preparada el 20 d'abril de 2023. El m\u00e8tode emprat per a preparar la declaraci\u00f3 ha estat una autoavaluaci\u00f3.<\/span><\/p>\t\t\t\t\t\t\t\t<\/div>\n\t\t\t\t<div class=\"elementor-element elementor-element-2ee00d2 elementor-widget elementor-widget-heading\" data-id=\"2ee00d2\" data-element_type=\"widget\" data-widget_type=\"heading.default\">\n\t\t\t\t\t<h2 class=\"elementor-heading-title elementor-size-default\">Observacions i dades de contacte<\/h2>\t\t\t\t<\/div>\n\t\t\t\t<div class=\"elementor-element elementor-element-ffa853e elementor-widget elementor-widget-text-editor\" data-id=\"ffa853e\" data-element_type=\"widget\" data-widget_type=\"text-editor.default\">\n\t\t\t\t\t\t\t\t\t<p><span style=\"font-weight: 400;\">Pot realitzar comunicacions sobre requisits d'accessibilitat (article 10.2.a de l'RD 1112\/2018) com:<\/span><\/p><ul><li style=\"font-weight: 400;\" aria-level=\"1\"><span style=\"font-weight: 400;\">Informar sobre qualsevol possible incompliment per part d'aquest lloc web<\/span><\/li><li style=\"font-weight: 400;\" aria-level=\"1\"><span style=\"font-weight: 400;\">Transmetre altres dificultats d'acc\u00e9s al contingut<\/span><\/li><li style=\"font-weight: 400;\" aria-level=\"1\"><span style=\"font-weight: 400;\">Formular qualsevol altra consulta o suggeriment de millora relativa a l'accessibilitat del lloc web a trav\u00e9s del formulari de contacte d'aquest lloc web oa trav\u00e9s del n\u00famero de tel\u00e8fon\u00a0<\/span><\/li><\/ul><p><span style=\"font-weight: 400;\">Pot presentar:<\/span><\/p><ul><li style=\"font-weight: 400;\" aria-level=\"1\"><span style=\"font-weight: 400;\">Queixa relativa al compliment dels requisits del RD 1112\/2018<\/span><\/li><li style=\"font-weight: 400;\" aria-level=\"1\"><span style=\"font-weight: 400;\">Sol\u00b7licitud d'informaci\u00f3 accessible relativa a:<\/span><ul><li style=\"font-weight: 400;\" aria-level=\"2\"><span style=\"font-weight: 400;\">Continguts que estan exclosos de l'\u00e0mbit d'aplicaci\u00f3 del RD 1112\/2018 segons el que estableix l'article 3, apartat 4<\/span><\/li><li style=\"font-weight: 400;\" aria-level=\"2\"><span style=\"font-weight: 400;\">Continguts que estan exempts del compliment dels requisits d'accessibilitat per a imposar una c\u00e0rrega desproporcionada<\/span><\/li><li style=\"font-weight: 400;\" aria-level=\"2\"><span style=\"font-weight: 400;\">En la Sol\u00b7licitud d'informaci\u00f3 accessible, han de concretar-se, amb tota claredat, els fets, les raons i la petici\u00f3 que permetin constatar que es tracta d'una sol\u00b7licitud raonable i leg\u00edtima.<\/span><\/li><\/ul><\/li><\/ul><p><span style=\"font-weight: 400;\">Les queixes i reclamacions sobre informaci\u00f3 accessible es realitzaran a trav\u00e9s de la seu electr\u00f2nica (https:\/\/sede.red.gob.es\/procedimientos\/quejas-y-sugerencias), i seran rebudes i tractades per l'\u00e0rea de Sistemes de la Informaci\u00f3 de Red.es.<\/span><\/p>\t\t\t\t\t\t\t\t<\/div>\n\t\t\t\t<div class=\"elementor-element elementor-element-8cb3712 elementor-widget elementor-widget-heading\" data-id=\"8cb3712\" data-element_type=\"widget\" data-widget_type=\"heading.default\">\n\t\t\t\t\t<h2 class=\"elementor-heading-title elementor-size-default\">Contingut opcional<\/h2>\t\t\t\t<\/div>\n\t\t\t\t<div class=\"elementor-element elementor-element-c718f3c elementor-widget elementor-widget-text-editor\" data-id=\"c718f3c\" data-element_type=\"widget\" data-widget_type=\"text-editor.default\">\n\t\t\t\t\t\t\t\t\t<ul><li style=\"font-weight: 400;\" aria-level=\"1\"><span style=\"font-weight: 400;\">Si desitja canviar la grand\u00e0ria de lletra del text en els principals navegadors gr\u00e0fics utilitzi els seg\u00fcents men\u00fas:<\/span><\/li><li style=\"font-weight: 400;\" aria-level=\"1\"><span style=\"font-weight: 400;\">Safari: Veure &gt; Fer el text m\u00e9s gran<\/span><\/li><li style=\"font-weight: 400;\" aria-level=\"1\"><span style=\"font-weight: 400;\">Chrome: Controla la p\u00e0gina actual &gt; Grand\u00e0ria del text<\/span><\/li><\/ul><p><span style=\"font-weight: 400;\">Per a modificar la grand\u00e0ria de tot en la p\u00e0gina:<\/span><\/p><ul><li style=\"font-weight: 400;\" aria-level=\"1\"><span style=\"font-weight: 400;\">Ctrl++ per a augmentar-ho<\/span><\/li><li style=\"font-weight: 400;\" aria-level=\"1\"><span style=\"font-weight: 400;\">Ctrl + \u2013 per a disminuir-ho<\/span><\/li><li style=\"font-weight: 400;\" aria-level=\"1\"><span style=\"font-weight: 400;\">Ctrl + 0 restaura la grand\u00e0ria original del text<\/span><\/li><li style=\"font-weight: 400;\" aria-level=\"1\"><span style=\"font-weight: 400;\">Si el que desitja \u00e9s anul\u00b7lar la fulla d'estils o modificar el color del text, pot consultar la p\u00e0gina How to Change Text Size o Colors de la WAI, que es pot llegir tradu\u00eft a l'espanyol en Com canviar la grand\u00e0ria del text o colors?<\/span><\/li><\/ul>\t\t\t\t\t\t\t\t<\/div>\n\t\t\t\t\t<\/div>\n\t\t\t\t<\/div>\n\t\t\t\t<\/div>","protected":false},"excerpt":{"rendered":"<p>Declaraci\u00f3n de Accesibilidad Online Vall\u00e9s se ha comprometido a hacer accesible su sitio web, conforme al Real Decreto 1112\/2018, de 7 de septiembre, sobre accesibilidad de los sitios web y aplicaciones para dispositivos m\u00f3viles del sector p\u00fablico. Esta declaraci\u00f3n de accesibilidad se aplica a esta web. Situaci\u00f3n de cumplimiento Este sitio web est\u00e1 desarrollado seg\u00fan [&hellip;]<\/p>","protected":false},"author":2,"featured_media":0,"parent":0,"menu_order":0,"comment_status":"closed","ping_status":"closed","template":"","meta":{"footnotes":""},"class_list":["post-677","page","type-page","status-publish","hentry"],"yoast_head":"<!-- This site is optimized with the Yoast SEO plugin v25.0 - https:\/\/yoast.com\/wordpress\/plugins\/seo\/ -->\n<title>Declaraci\u00f3n de Accesibilidad - Casa4<\/title>\n<meta name=\"robots\" content=\"noindex, follow, max-snippet:-1, max-image-preview:large, max-video-preview:-1\" \/>\n<meta property=\"og:locale\" content=\"ca_ES\" \/>\n<meta property=\"og:type\" content=\"article\" \/>\n<meta property=\"og:title\" content=\"Declaraci\u00f3n de Accesibilidad - Casa4\" \/>\n<meta property=\"og:description\" content=\"Declaraci\u00f3n de Accesibilidad Online Vall\u00e9s se ha comprometido a hacer accesible su sitio web, conforme al Real Decreto 1112\/2018, de 7 de septiembre, sobre accesibilidad de los sitios web y aplicaciones para dispositivos m\u00f3viles del sector p\u00fablico. Esta declaraci\u00f3n de accesibilidad se aplica a esta web. Situaci\u00f3n de cumplimiento Este sitio web est\u00e1 desarrollado seg\u00fan [&hellip;]\" \/>\n<meta property=\"og:url\" content=\"https:\/\/esmeraldamoreno.online-valles-webs.com\/ca\/declaracion-de-accesibilidad\/\" \/>\n<meta property=\"og:site_name\" content=\"Casa4\" \/>\n<meta property=\"article:modified_time\" content=\"2025-03-05T02:51:16+00:00\" \/>\n<meta name=\"twitter:card\" content=\"summary_large_image\" \/>\n<meta name=\"twitter:label1\" content=\"Temps estimat de lectura\" \/>\n\t<meta name=\"twitter:data1\" content=\"2 minuts\" \/>\n<script type=\"application\/ld+json\" class=\"yoast-schema-graph\">{\"@context\":\"https:\/\/schema.org\",\"@graph\":[{\"@type\":\"WebPage\",\"@id\":\"https:\/\/esmeraldamoreno.online-valles-webs.com\/declaracion-de-accesibilidad\/\",\"url\":\"https:\/\/esmeraldamoreno.online-valles-webs.com\/declaracion-de-accesibilidad\/\",\"name\":\"Declaraci\u00f3n de Accesibilidad - Casa4\",\"isPartOf\":{\"@id\":\"https:\/\/esmeraldamoreno.online-valles-webs.com\/#website\"},\"datePublished\":\"2025-02-23T23:13:44+00:00\",\"dateModified\":\"2025-03-05T02:51:16+00:00\",\"breadcrumb\":{\"@id\":\"https:\/\/esmeraldamoreno.online-valles-webs.com\/declaracion-de-accesibilidad\/#breadcrumb\"},\"inLanguage\":\"ca\",\"potentialAction\":[{\"@type\":\"ReadAction\",\"target\":[\"https:\/\/esmeraldamoreno.online-valles-webs.com\/declaracion-de-accesibilidad\/\"]}]},{\"@type\":\"BreadcrumbList\",\"@id\":\"https:\/\/esmeraldamoreno.online-valles-webs.com\/declaracion-de-accesibilidad\/#breadcrumb\",\"itemListElement\":[{\"@type\":\"ListItem\",\"position\":1,\"name\":\"Portada\",\"item\":\"https:\/\/esmeraldamoreno.online-valles-webs.com\/\"},{\"@type\":\"ListItem\",\"position\":2,\"name\":\"Declaraci\u00f3n de Accesibilidad\"}]},{\"@type\":\"WebSite\",\"@id\":\"https:\/\/esmeraldamoreno.online-valles-webs.com\/#website\",\"url\":\"https:\/\/esmeraldamoreno.online-valles-webs.com\/\",\"name\":\"Casa4\",\"description\":\"Retiros creativos y experiencias transformadoras en la naturaleza\",\"publisher\":{\"@id\":\"https:\/\/esmeraldamoreno.online-valles-webs.com\/#organization\"},\"potentialAction\":[{\"@type\":\"SearchAction\",\"target\":{\"@type\":\"EntryPoint\",\"urlTemplate\":\"https:\/\/esmeraldamoreno.online-valles-webs.com\/?s={search_term_string}\"},\"query-input\":{\"@type\":\"PropertyValueSpecification\",\"valueRequired\":true,\"valueName\":\"search_term_string\"}}],\"inLanguage\":\"ca\"},{\"@type\":\"Organization\",\"@id\":\"https:\/\/esmeraldamoreno.online-valles-webs.com\/#organization\",\"name\":\"Casa4\",\"url\":\"https:\/\/esmeraldamoreno.online-valles-webs.com\/\",\"logo\":{\"@type\":\"ImageObject\",\"inLanguage\":\"ca\",\"@id\":\"https:\/\/esmeraldamoreno.online-valles-webs.com\/#\/schema\/logo\/image\/\",\"url\":\"https:\/\/esmeraldamoreno.online-valles-webs.com\/wp-content\/uploads\/2025\/02\/casa4-colores.png\",\"contentUrl\":\"https:\/\/esmeraldamoreno.online-valles-webs.com\/wp-content\/uploads\/2025\/02\/casa4-colores.png\",\"width\":500,\"height\":400,\"caption\":\"Casa4\"},\"image\":{\"@id\":\"https:\/\/esmeraldamoreno.online-valles-webs.com\/#\/schema\/logo\/image\/\"}}]}<\/script>\n<!-- \/ Yoast SEO plugin. -->","yoast_head_json":{"title":"Declaraci\u00f3n de Accesibilidad - Casa4","robots":{"index":"noindex","follow":"follow","max-snippet":"max-snippet:-1","max-image-preview":"max-image-preview:large","max-video-preview":"max-video-preview:-1"},"og_locale":"ca_ES","og_type":"article","og_title":"Declaraci\u00f3n de Accesibilidad - Casa4","og_description":"Declaraci\u00f3n de Accesibilidad Online Vall\u00e9s se ha comprometido a hacer accesible su sitio web, conforme al Real Decreto 1112\/2018, de 7 de septiembre, sobre accesibilidad de los sitios web y aplicaciones para dispositivos m\u00f3viles del sector p\u00fablico. Esta declaraci\u00f3n de accesibilidad se aplica a esta web. Situaci\u00f3n de cumplimiento Este sitio web est\u00e1 desarrollado seg\u00fan [&hellip;]","og_url":"https:\/\/esmeraldamoreno.online-valles-webs.com\/ca\/declaracion-de-accesibilidad\/","og_site_name":"Casa4","article_modified_time":"2025-03-05T02:51:16+00:00","twitter_card":"summary_large_image","twitter_misc":{"Temps estimat de lectura":"2 minuts"},"schema":{"@context":"https:\/\/schema.org","@graph":[{"@type":"WebPage","@id":"https:\/\/esmeraldamoreno.online-valles-webs.com\/declaracion-de-accesibilidad\/","url":"https:\/\/esmeraldamoreno.online-valles-webs.com\/declaracion-de-accesibilidad\/","name":"Declaraci\u00f3n de Accesibilidad - Casa4","isPartOf":{"@id":"https:\/\/esmeraldamoreno.online-valles-webs.com\/#website"},"datePublished":"2025-02-23T23:13:44+00:00","dateModified":"2025-03-05T02:51:16+00:00","breadcrumb":{"@id":"https:\/\/esmeraldamoreno.online-valles-webs.com\/declaracion-de-accesibilidad\/#breadcrumb"},"inLanguage":"ca","potentialAction":[{"@type":"ReadAction","target":["https:\/\/esmeraldamoreno.online-valles-webs.com\/declaracion-de-accesibilidad\/"]}]},{"@type":"BreadcrumbList","@id":"https:\/\/esmeraldamoreno.online-valles-webs.com\/declaracion-de-accesibilidad\/#breadcrumb","itemListElement":[{"@type":"ListItem","position":1,"name":"Portada","item":"https:\/\/esmeraldamoreno.online-valles-webs.com\/"},{"@type":"ListItem","position":2,"name":"Declaraci\u00f3n de Accesibilidad"}]},{"@type":"WebSite","@id":"https:\/\/esmeraldamoreno.online-valles-webs.com\/#website","url":"https:\/\/esmeraldamoreno.online-valles-webs.com\/","name":"Casa4","description":"Retiros creativos y experiencias transformadoras en la naturaleza","publisher":{"@id":"https:\/\/esmeraldamoreno.online-valles-webs.com\/#organization"},"potentialAction":[{"@type":"SearchAction","target":{"@type":"EntryPoint","urlTemplate":"https:\/\/esmeraldamoreno.online-valles-webs.com\/?s={search_term_string}"},"query-input":{"@type":"PropertyValueSpecification","valueRequired":true,"valueName":"search_term_string"}}],"inLanguage":"ca"},{"@type":"Organization","@id":"https:\/\/esmeraldamoreno.online-valles-webs.com\/#organization","name":"Casa4","url":"https:\/\/esmeraldamoreno.online-valles-webs.com\/","logo":{"@type":"ImageObject","inLanguage":"ca","@id":"https:\/\/esmeraldamoreno.online-valles-webs.com\/#\/schema\/logo\/image\/","url":"https:\/\/esmeraldamoreno.online-valles-webs.com\/wp-content\/uploads\/2025\/02\/casa4-colores.png","contentUrl":"https:\/\/esmeraldamoreno.online-valles-webs.com\/wp-content\/uploads\/2025\/02\/casa4-colores.png","width":500,"height":400,"caption":"Casa4"},"image":{"@id":"https:\/\/esmeraldamoreno.online-valles-webs.com\/#\/schema\/logo\/image\/"}}]}},"_links":{"self":[{"href":"https:\/\/esmeraldamoreno.online-valles-webs.com\/ca\/wp-json\/wp\/v2\/pages\/677","targetHints":{"allow":["GET"]}}],"collection":[{"href":"https:\/\/esmeraldamoreno.online-valles-webs.com\/ca\/wp-json\/wp\/v2\/pages"}],"about":[{"href":"https:\/\/esmeraldamoreno.online-valles-webs.com\/ca\/wp-json\/wp\/v2\/types\/page"}],"author":[{"embeddable":true,"href":"https:\/\/esmeraldamoreno.online-valles-webs.com\/ca\/wp-json\/wp\/v2\/users\/2"}],"replies":[{"embeddable":true,"href":"https:\/\/esmeraldamoreno.online-valles-webs.com\/ca\/wp-json\/wp\/v2\/comments?post=677"}],"version-history":[{"count":10,"href":"https:\/\/esmeraldamoreno.online-valles-webs.com\/ca\/wp-json\/wp\/v2\/pages\/677\/revisions"}],"predecessor-version":[{"id":1317,"href":"https:\/\/esmeraldamoreno.online-valles-webs.com\/ca\/wp-json\/wp\/v2\/pages\/677\/revisions\/1317"}],"wp:attachment":[{"href":"https:\/\/esmeraldamoreno.online-valles-webs.com\/ca\/wp-json\/wp\/v2\/media?parent=677"}],"curies":[{"name":"wp","href":"https:\/\/api.w.org\/{rel}","templated":true}]}}